{"id":4023,"date":"2017-08-30T10:51:44","date_gmt":"2017-08-30T08:51:44","guid":{"rendered":"https:\/\/prothese-hanche-nice.fr\/?page_id=4023\/"},"modified":"2017-08-30T10:51:44","modified_gmt":"2017-08-30T08:51:44","slug":"che-cosa-e-coxartrosi","status":"publish","type":"page","link":"https:\/\/prothese-hanche-nice.fr\/it\/che-cosa-e-coxartrosi\/","title":{"rendered":"Che cosa e la coxartrosi ?"},"content":{"rendered":"<section class=\"wpb-content-wrapper\"><p>[vc_row][vc_column]<header class=\"kwayy-heading-wrapper kwayy-heading-wrapper-align-center\"><div class=\"kwayy-heading-wrapper-inner\"><h2 class=\"kwayy-heading-align-center\"><span>Che cosa e la coxartrosi ?<\/span><\/h2><\/div><p class=\"kwayy-subheading\">Dottore Ga\u00ebl Poir\u00e9e<\/p><\/header>[vc_row_inner][vc_column_inner width=&#8221;1\/2&#8243;][vc_column_text]<\/p>\n<p style=\"text-align: justify;\">L\u2019articolazione dell\u2019anca si situa in alto della coscia tra la testa del femore e il bacino (osso iliaco)<\/p>\n<p style=\"text-align: justify;\"><strong>L\u2019artrosi<\/strong>\u00a0 \u00e8 un\u2019usura della cartilagine articolare. La cartilagine \u00e8 il rivestimento dell\u2019osso nel mezzo di un\u2019articolazione che permette la mobilit\u00e0 tra le ossa senza fregatura e senza dolori. Quando la cartilagine si usa, le ossa si toccano, \u00a0il ch\u00e8 prova un dolore ed una rigidit\u00e0 dell\u2019articolazione.<\/p>\n<p style=\"text-align: justify;\"><strong>L\u2019artrosi dell\u2019anca \u00e8 un\u2019usura della cartilagine dell\u2019articolazione situata tra il femore e il bacino<\/strong> (articolazione ilio-femorale). Si chiama <strong>la coxartrosi<\/strong>. E\u2019 abbastanza frequente\u00a0 ed appare generalmente dopo i 55 anni.<\/p>\n<p>[\/vc_column_text][\/vc_column_inner][vc_column_inner width=&#8221;1\/2&#8243;][vc_single_image image=&#8221;3924&#8243; img_size=&#8221;full&#8221; alignment=&#8221;right&#8221; style=&#8221;vc_box_outline&#8221; onclick=&#8221;link_image&#8221;][\/vc_column_inner][\/vc_row_inner][vc_column_text]Questa coxartrosi puo\u2019 essere<\/p>\n<ul>\n<li><strong>Sia primitiva<\/strong> (usura banale), sia post-traumatica (in seguito ad una frattura)<\/li>\n<li><strong>Sia congenitale<\/strong> (cio\u00e8 secondaria ad una malformazione come la displasia dell\u2019anca)<\/li>\n<li><strong>Sia secondaria<\/strong> <strong>ad una osteonecrosi<\/strong> assettica della testa femorale<\/li>\n<li>Oppure puo\u2019 anche entrare nell\u2019ambito di <strong>una malattia infiammatoria<\/strong> (poliartrite rumatoide o altra malattia del sistema)<\/li>\n<\/ul>\n<p>Oggi non si \u00e8 in grado di rifare la cartilagine usata, bisogna quindi <strong>sostituire l\u2019articolazione con una protesi.<\/strong>[\/vc_column_text][\/vc_column][\/vc_row][vc_row][vc_column][vc_column_text][\/vc_column_text][\/vc_column][\/vc_row]<\/p>\n<\/section>","protected":false},"excerpt":{"rendered":"<p>[vc_row][vc_column][vc_row_inner][vc_column_inner width=&#8221;1\/2&#8243;][vc_column_text] L\u2019articolazione dell\u2019anca si situa in alto della coscia tra la testa del femore e il bacino (osso iliaco) L\u2019artrosi\u00a0 \u00e8 un\u2019usura della cartilagine articolare. La cartilagine \u00e8 il rivestimento dell\u2019osso nel mezzo di un\u2019articolazione che permette la mobilit\u00e0 tra le ossa senza fregatura e senza dolori. Quando la cartilagine si usa, le ossa [&hellip;]<\/p>\n","protected":false},"author":1,"featured_media":0,"parent":0,"menu_order":0,"comment_status":"closed","ping_status":"closed","template":"","meta":{"footnotes":""},"class_list":["post-4023","page","type-page","status-publish","hentry"],"yoast_head":"<!-- This site is optimized with the Yoast SEO plugin v24.3 - https:\/\/yoast.com\/wordpress\/plugins\/seo\/ -->\n<title>Che cosa e la coxartrosi\u00a0? La protesi totale dell\u2019anca - Dottor Ga\u00ebl Poir\u00e9e<\/title>\n<meta name=\"description\" content=\"L\u2019articolazione dell\u2019anca si situa in alto della coscia tra la testa del femore e il bacino. L\u2019artrosi \u00e8 un\u2019usura della cartilagine articolare...\" \/>\n<meta name=\"robots\" content=\"index, follow, max-snippet:-1, max-image-preview:large, max-video-preview:-1\" \/>\n<link rel=\"canonical\" href=\"https:\/\/prothese-hanche-nice.fr\/it\/che-cosa-e-coxartrosi\/\" \/>\n<meta property=\"og:locale\" content=\"it_IT\" \/>\n<meta property=\"og:type\" content=\"article\" \/>\n<meta property=\"og:title\" content=\"Che cosa e la coxartrosi\u00a0? La protesi totale dell\u2019anca - Dottor Ga\u00ebl Poir\u00e9e\" \/>\n<meta property=\"og:description\" content=\"L\u2019articolazione dell\u2019anca si situa in alto della coscia tra la testa del femore e il bacino. L\u2019artrosi \u00e8 un\u2019usura della cartilagine articolare...\" \/>\n<meta property=\"og:url\" content=\"https:\/\/prothese-hanche-nice.fr\/it\/che-cosa-e-coxartrosi\/\" \/>\n<meta property=\"og:site_name\" content=\"La proth\u00e8se de hanche - Chirurgie de La Hanche Nice\" \/>\n<meta name=\"twitter:card\" content=\"summary_large_image\" \/>\n<meta name=\"twitter:label1\" content=\"Tempo di lettura stimato\" \/>\n\t<meta name=\"twitter:data1\" content=\"1 minuto\" \/>\n<script type=\"application\/ld+json\" class=\"yoast-schema-graph\">{\"@context\":\"https:\/\/schema.org\",\"@graph\":[{\"@type\":\"WebPage\",\"@id\":\"https:\/\/prothese-hanche-nice.fr\/it\/che-cosa-e-coxartrosi\/\",\"url\":\"https:\/\/prothese-hanche-nice.fr\/it\/che-cosa-e-coxartrosi\/\",\"name\":\"Che cosa e la coxartrosi\u00a0? La protesi totale dell\u2019anca - Dottor Ga\u00ebl Poir\u00e9e\",\"isPartOf\":{\"@id\":\"https:\/\/prothese-hanche-nice.fr\/#website\"},\"datePublished\":\"2017-08-30T08:51:44+00:00\",\"dateModified\":\"2017-08-30T08:51:44+00:00\",\"description\":\"L\u2019articolazione dell\u2019anca si situa in alto della coscia tra la testa del femore e il bacino. L\u2019artrosi \u00e8 un\u2019usura della cartilagine articolare...\",\"breadcrumb\":{\"@id\":\"https:\/\/prothese-hanche-nice.fr\/it\/che-cosa-e-coxartrosi\/#breadcrumb\"},\"inLanguage\":\"it-IT\",\"potentialAction\":[{\"@type\":\"ReadAction\",\"target\":[\"https:\/\/prothese-hanche-nice.fr\/it\/che-cosa-e-coxartrosi\/\"]}]},{\"@type\":\"BreadcrumbList\",\"@id\":\"https:\/\/prothese-hanche-nice.fr\/it\/che-cosa-e-coxartrosi\/#breadcrumb\",\"itemListElement\":[{\"@type\":\"ListItem\",\"position\":1,\"name\":\"Accueil\",\"item\":\"https:\/\/prothese-hanche-nice.fr\/it\/\"},{\"@type\":\"ListItem\",\"position\":2,\"name\":\"Che cosa e la coxartrosi ?\"}]},{\"@type\":\"WebSite\",\"@id\":\"https:\/\/prothese-hanche-nice.fr\/#website\",\"url\":\"https:\/\/prothese-hanche-nice.fr\/\",\"name\":\"La proth\u00e8se de hanche - Chirurgie de La Hanche Nice\",\"description\":\"Chirurgie de la hanche Docteur Ga\u00ebl Poir\u00e9e sp\u00e9cialiste de La proth\u00e8se de hanche\",\"potentialAction\":[{\"@type\":\"SearchAction\",\"target\":{\"@type\":\"EntryPoint\",\"urlTemplate\":\"https:\/\/prothese-hanche-nice.fr\/?s={search_term_string}\"},\"query-input\":{\"@type\":\"PropertyValueSpecification\",\"valueRequired\":true,\"valueName\":\"search_term_string\"}}],\"inLanguage\":\"it-IT\"}]}<\/script>\n<!-- \/ Yoast SEO plugin. -->","yoast_head_json":{"title":"Che cosa e la coxartrosi\u00a0? La protesi totale dell\u2019anca - Dottor Ga\u00ebl Poir\u00e9e","description":"L\u2019articolazione dell\u2019anca si situa in alto della coscia tra la testa del femore e il bacino. L\u2019artrosi \u00e8 un\u2019usura della cartilagine articolare...","robots":{"index":"index","follow":"follow","max-snippet":"max-snippet:-1","max-image-preview":"max-image-preview:large","max-video-preview":"max-video-preview:-1"},"canonical":"https:\/\/prothese-hanche-nice.fr\/it\/che-cosa-e-coxartrosi\/","og_locale":"it_IT","og_type":"article","og_title":"Che cosa e la coxartrosi\u00a0? La protesi totale dell\u2019anca - Dottor Ga\u00ebl Poir\u00e9e","og_description":"L\u2019articolazione dell\u2019anca si situa in alto della coscia tra la testa del femore e il bacino. L\u2019artrosi \u00e8 un\u2019usura della cartilagine articolare...","og_url":"https:\/\/prothese-hanche-nice.fr\/it\/che-cosa-e-coxartrosi\/","og_site_name":"La proth\u00e8se de hanche - Chirurgie de La Hanche Nice","twitter_card":"summary_large_image","twitter_misc":{"Tempo di lettura stimato":"1 minuto"},"schema":{"@context":"https:\/\/schema.org","@graph":[{"@type":"WebPage","@id":"https:\/\/prothese-hanche-nice.fr\/it\/che-cosa-e-coxartrosi\/","url":"https:\/\/prothese-hanche-nice.fr\/it\/che-cosa-e-coxartrosi\/","name":"Che cosa e la coxartrosi\u00a0? La protesi totale dell\u2019anca - Dottor Ga\u00ebl Poir\u00e9e","isPartOf":{"@id":"https:\/\/prothese-hanche-nice.fr\/#website"},"datePublished":"2017-08-30T08:51:44+00:00","dateModified":"2017-08-30T08:51:44+00:00","description":"L\u2019articolazione dell\u2019anca si situa in alto della coscia tra la testa del femore e il bacino. L\u2019artrosi \u00e8 un\u2019usura della cartilagine articolare...","breadcrumb":{"@id":"https:\/\/prothese-hanche-nice.fr\/it\/che-cosa-e-coxartrosi\/#breadcrumb"},"inLanguage":"it-IT","potentialAction":[{"@type":"ReadAction","target":["https:\/\/prothese-hanche-nice.fr\/it\/che-cosa-e-coxartrosi\/"]}]},{"@type":"BreadcrumbList","@id":"https:\/\/prothese-hanche-nice.fr\/it\/che-cosa-e-coxartrosi\/#breadcrumb","itemListElement":[{"@type":"ListItem","position":1,"name":"Accueil","item":"https:\/\/prothese-hanche-nice.fr\/it\/"},{"@type":"ListItem","position":2,"name":"Che cosa e la coxartrosi ?"}]},{"@type":"WebSite","@id":"https:\/\/prothese-hanche-nice.fr\/#website","url":"https:\/\/prothese-hanche-nice.fr\/","name":"La proth\u00e8se de hanche - Chirurgie de La Hanche Nice","description":"Chirurgie de la hanche Docteur Ga\u00ebl Poir\u00e9e sp\u00e9cialiste de La proth\u00e8se de hanche","potentialAction":[{"@type":"SearchAction","target":{"@type":"EntryPoint","urlTemplate":"https:\/\/prothese-hanche-nice.fr\/?s={search_term_string}"},"query-input":{"@type":"PropertyValueSpecification","valueRequired":true,"valueName":"search_term_string"}}],"inLanguage":"it-IT"}]}},"_links":{"self":[{"href":"https:\/\/prothese-hanche-nice.fr\/it\/wp-json\/wp\/v2\/pages\/4023","targetHints":{"allow":["GET"]}}],"collection":[{"href":"https:\/\/prothese-hanche-nice.fr\/it\/wp-json\/wp\/v2\/pages"}],"about":[{"href":"https:\/\/prothese-hanche-nice.fr\/it\/wp-json\/wp\/v2\/types\/page"}],"author":[{"embeddable":true,"href":"https:\/\/prothese-hanche-nice.fr\/it\/wp-json\/wp\/v2\/users\/1"}],"replies":[{"embeddable":true,"href":"https:\/\/prothese-hanche-nice.fr\/it\/wp-json\/wp\/v2\/comments?post=4023"}],"version-history":[{"count":1,"href":"https:\/\/prothese-hanche-nice.fr\/it\/wp-json\/wp\/v2\/pages\/4023\/revisions"}],"predecessor-version":[{"id":4024,"href":"https:\/\/prothese-hanche-nice.fr\/it\/wp-json\/wp\/v2\/pages\/4023\/revisions\/4024"}],"wp:attachment":[{"href":"https:\/\/prothese-hanche-nice.fr\/it\/wp-json\/wp\/v2\/media?parent=4023"}],"curies":[{"name":"wp","href":"https:\/\/api.w.org\/{rel}","templated":true}]}}