{"id":4025,"date":"2017-08-30T10:55:52","date_gmt":"2017-08-30T08:55:52","guid":{"rendered":"https:\/\/prothese-hanche-nice.fr\/?page_id=4025\/"},"modified":"2017-08-30T10:55:52","modified_gmt":"2017-08-30T08:55:52","slug":"come-manifesta-coxartrosi-e-quando-bisogna-operare","status":"publish","type":"page","link":"https:\/\/prothese-hanche-nice.fr\/it\/come-manifesta-coxartrosi-e-quando-bisogna-operare\/","title":{"rendered":"Come si manifesta la coxartrosi e quando bisogna operare ?"},"content":{"rendered":"<section class=\"wpb-content-wrapper\"><p>[vc_row][vc_column]<header class=\"kwayy-heading-wrapper kwayy-heading-wrapper-align-center\"><div class=\"kwayy-heading-wrapper-inner\"><h2 class=\"kwayy-heading-align-center\"><span>Come si manifesta la coxartrosi e quando bisogna operare ?<\/span><\/h2><\/div><p class=\"kwayy-subheading\">Dottore Ga\u00ebl Poir\u00e9e<\/p><\/header>[vc_row_inner][vc_column_inner width=&#8221;1\/2&#8243;][vc_column_text]<\/p>\n<h3 style=\"text-align: justify;\"><strong>Come si manifesta la coxartrosi e quando bisogna operare<\/strong><\/h3>\n<p style=\"text-align: justify;\">La coxartrosi si manifesta con i seguenti sintomi\u00a0:<\/p>\n<ul style=\"text-align: justify;\">\n<li><strong>Dolori localizzati alla piega dell\u2019inguine che possono scendere verso la coscia<\/strong> (ma possono anche pi\u00f9 raramente localizzarsi sulla chiappa) ed ogni tanto progettarsi verso il ginocchio.<br \/>\nQuesti dolori sono abitualmente provocati dalla marcia e si calmano con il riposo, amplificate quando ci si alza da una posizione seduta o per esempio entrando od uscendo dalla macchina, oppure salendo o scendendo le scale<\/li>\n<\/ul>\n<ul>\n<li style=\"text-align: justify;\"><strong>Una senzazione di rigidit\u00e0 dolorosa la mattina al risveglio<\/strong> la cui durata pi\u00f9 variare secondo l\u2019intensit\u00e0 dell\u2019infiammazione<\/li>\n<li style=\"text-align: justify;\"><strong>Uno zoppicamento<\/strong> che, a termine, puo necessitare l\u2019uso di una, vedi due canne inglesi<\/li>\n<\/ul>\n<p>[\/vc_column_text][\/vc_column_inner][vc_column_inner width=&#8221;1\/2&#8243;][vc_single_image image=&#8221;3992&#8243; img_size=&#8221;full&#8221; alignment=&#8221;right&#8221; style=&#8221;vc_box_outline&#8221; onclick=&#8221;link_image&#8221;][\/vc_column_inner][\/vc_row_inner][vc_column_text]<\/p>\n<p style=\"text-align: justify;\"><strong>Questi sintomi hanno come conseguenza l\u2019impossibilit\u00e0 di fare sport, di camminare a lungo, una rigidit\u00e0 che rende l\u2019accesso ai piedi <\/strong>(come per tagliarsi le unghie, o mettere I calzini) difficile, vedi impossibile.<\/p>\n<p style=\"text-align: justify;\"><strong>L\u2019intervento chirurgicale viene discusso quando il dolore o il disturbo legato alla coxartrosi diventano invalidanti per la vita quotidiana<\/strong> e impediscono di vivere normalmente.<\/p>\n<p style=\"text-align: justify;\"><strong>Bisogna cercare di ritardare il pi\u00f9 possibile l\u2019intervento sopratutto per i pazienti giovani<\/strong> (meno di 60 anni)\u00a0; viene invece fortemente consigliato di non aspettare troppo per evitare le distruzioni delle ossa che complicano e rendono pesanti i gesti chirurgici (ricostruzione ossea con un trapianto)\u00a0; una deficienza muscolare irreversibile o complicazioni medicali generali (insufficienza cardiaca ed respiratoria) che aumentano il rischio operatorio, vedi contro indicando quest\u2019ultimo lasciando il paziente\u00a0 in sofferenza ed in perdita di autonomia per via della coxartrosi.<\/p>\n<p>[\/vc_column_text][\/vc_column][\/vc_row][vc_row][vc_column][vc_column_text]<\/p>\n<p>[\/vc_column_text][\/vc_column][\/vc_row]<\/p>\n<\/section>","protected":false},"excerpt":{"rendered":"<p>[vc_row][vc_column][vc_row_inner][vc_column_inner width=&#8221;1\/2&#8243;][vc_column_text] Come si manifesta la coxartrosi e quando bisogna operare La coxartrosi si manifesta con i seguenti sintomi\u00a0: Dolori localizzati alla piega dell\u2019inguine che possono scendere verso la coscia (ma possono anche pi\u00f9 raramente localizzarsi sulla chiappa) ed ogni tanto progettarsi verso il ginocchio. Questi dolori sono abitualmente provocati dalla marcia e si calmano [&hellip;]<\/p>\n","protected":false},"author":1,"featured_media":0,"parent":0,"menu_order":0,"comment_status":"closed","ping_status":"closed","template":"","meta":{"footnotes":""},"class_list":["post-4025","page","type-page","status-publish","hentry"],"yoast_head":"<!-- This site is optimized with the Yoast SEO plugin v24.3 - https:\/\/yoast.com\/wordpress\/plugins\/seo\/ -->\n<title>Come si manifesta la coxartrosi e quando bisogna operare ?<\/title>\n<meta name=\"description\" content=\"La coxartrosi si manifesta con i seguenti sintomi\u00a0: Dolori localizzati alla piega dell\u2019inguine che possono scendere verso la coscia...\" \/>\n<meta name=\"robots\" content=\"index, follow, max-snippet:-1, max-image-preview:large, max-video-preview:-1\" \/>\n<link rel=\"canonical\" href=\"https:\/\/prothese-hanche-nice.fr\/it\/come-manifesta-coxartrosi-e-quando-bisogna-operare\/\" \/>\n<meta property=\"og:locale\" content=\"it_IT\" \/>\n<meta property=\"og:type\" content=\"article\" \/>\n<meta property=\"og:title\" content=\"Come si manifesta la coxartrosi e quando bisogna operare ?\" \/>\n<meta property=\"og:description\" content=\"La coxartrosi si manifesta con i seguenti sintomi\u00a0: Dolori localizzati alla piega dell\u2019inguine che possono scendere verso la coscia...\" \/>\n<meta property=\"og:url\" content=\"https:\/\/prothese-hanche-nice.fr\/it\/come-manifesta-coxartrosi-e-quando-bisogna-operare\/\" \/>\n<meta property=\"og:site_name\" content=\"La proth\u00e8se de hanche - Chirurgie de La Hanche Nice\" \/>\n<meta name=\"twitter:card\" content=\"summary_large_image\" \/>\n<meta name=\"twitter:label1\" content=\"Tempo di lettura stimato\" \/>\n\t<meta name=\"twitter:data1\" content=\"2 minuti\" \/>\n<script type=\"application\/ld+json\" class=\"yoast-schema-graph\">{\"@context\":\"https:\/\/schema.org\",\"@graph\":[{\"@type\":\"WebPage\",\"@id\":\"https:\/\/prothese-hanche-nice.fr\/it\/come-manifesta-coxartrosi-e-quando-bisogna-operare\/\",\"url\":\"https:\/\/prothese-hanche-nice.fr\/it\/come-manifesta-coxartrosi-e-quando-bisogna-operare\/\",\"name\":\"Come si manifesta la coxartrosi e quando bisogna operare ?\",\"isPartOf\":{\"@id\":\"https:\/\/prothese-hanche-nice.fr\/#website\"},\"datePublished\":\"2017-08-30T08:55:52+00:00\",\"dateModified\":\"2017-08-30T08:55:52+00:00\",\"description\":\"La coxartrosi si manifesta con i seguenti sintomi\u00a0: Dolori localizzati alla piega dell\u2019inguine che possono scendere verso la coscia...\",\"breadcrumb\":{\"@id\":\"https:\/\/prothese-hanche-nice.fr\/it\/come-manifesta-coxartrosi-e-quando-bisogna-operare\/#breadcrumb\"},\"inLanguage\":\"it-IT\",\"potentialAction\":[{\"@type\":\"ReadAction\",\"target\":[\"https:\/\/prothese-hanche-nice.fr\/it\/come-manifesta-coxartrosi-e-quando-bisogna-operare\/\"]}]},{\"@type\":\"BreadcrumbList\",\"@id\":\"https:\/\/prothese-hanche-nice.fr\/it\/come-manifesta-coxartrosi-e-quando-bisogna-operare\/#breadcrumb\",\"itemListElement\":[{\"@type\":\"ListItem\",\"position\":1,\"name\":\"Accueil\",\"item\":\"https:\/\/prothese-hanche-nice.fr\/it\/\"},{\"@type\":\"ListItem\",\"position\":2,\"name\":\"Come si manifesta la coxartrosi e quando bisogna operare ?\"}]},{\"@type\":\"WebSite\",\"@id\":\"https:\/\/prothese-hanche-nice.fr\/#website\",\"url\":\"https:\/\/prothese-hanche-nice.fr\/\",\"name\":\"La proth\u00e8se de hanche - Chirurgie de La Hanche Nice\",\"description\":\"Chirurgie de la hanche Docteur Ga\u00ebl Poir\u00e9e sp\u00e9cialiste de La proth\u00e8se de hanche\",\"potentialAction\":[{\"@type\":\"SearchAction\",\"target\":{\"@type\":\"EntryPoint\",\"urlTemplate\":\"https:\/\/prothese-hanche-nice.fr\/?s={search_term_string}\"},\"query-input\":{\"@type\":\"PropertyValueSpecification\",\"valueRequired\":true,\"valueName\":\"search_term_string\"}}],\"inLanguage\":\"it-IT\"}]}<\/script>\n<!-- \/ Yoast SEO plugin. -->","yoast_head_json":{"title":"Come si manifesta la coxartrosi e quando bisogna operare ?","description":"La coxartrosi si manifesta con i seguenti sintomi\u00a0: Dolori localizzati alla piega dell\u2019inguine che possono scendere verso la coscia...","robots":{"index":"index","follow":"follow","max-snippet":"max-snippet:-1","max-image-preview":"max-image-preview:large","max-video-preview":"max-video-preview:-1"},"canonical":"https:\/\/prothese-hanche-nice.fr\/it\/come-manifesta-coxartrosi-e-quando-bisogna-operare\/","og_locale":"it_IT","og_type":"article","og_title":"Come si manifesta la coxartrosi e quando bisogna operare ?","og_description":"La coxartrosi si manifesta con i seguenti sintomi\u00a0: Dolori localizzati alla piega dell\u2019inguine che possono scendere verso la coscia...","og_url":"https:\/\/prothese-hanche-nice.fr\/it\/come-manifesta-coxartrosi-e-quando-bisogna-operare\/","og_site_name":"La proth\u00e8se de hanche - Chirurgie de La Hanche Nice","twitter_card":"summary_large_image","twitter_misc":{"Tempo di lettura stimato":"2 minuti"},"schema":{"@context":"https:\/\/schema.org","@graph":[{"@type":"WebPage","@id":"https:\/\/prothese-hanche-nice.fr\/it\/come-manifesta-coxartrosi-e-quando-bisogna-operare\/","url":"https:\/\/prothese-hanche-nice.fr\/it\/come-manifesta-coxartrosi-e-quando-bisogna-operare\/","name":"Come si manifesta la coxartrosi e quando bisogna operare ?","isPartOf":{"@id":"https:\/\/prothese-hanche-nice.fr\/#website"},"datePublished":"2017-08-30T08:55:52+00:00","dateModified":"2017-08-30T08:55:52+00:00","description":"La coxartrosi si manifesta con i seguenti sintomi\u00a0: Dolori localizzati alla piega dell\u2019inguine che possono scendere verso la coscia...","breadcrumb":{"@id":"https:\/\/prothese-hanche-nice.fr\/it\/come-manifesta-coxartrosi-e-quando-bisogna-operare\/#breadcrumb"},"inLanguage":"it-IT","potentialAction":[{"@type":"ReadAction","target":["https:\/\/prothese-hanche-nice.fr\/it\/come-manifesta-coxartrosi-e-quando-bisogna-operare\/"]}]},{"@type":"BreadcrumbList","@id":"https:\/\/prothese-hanche-nice.fr\/it\/come-manifesta-coxartrosi-e-quando-bisogna-operare\/#breadcrumb","itemListElement":[{"@type":"ListItem","position":1,"name":"Accueil","item":"https:\/\/prothese-hanche-nice.fr\/it\/"},{"@type":"ListItem","position":2,"name":"Come si manifesta la coxartrosi e quando bisogna operare ?"}]},{"@type":"WebSite","@id":"https:\/\/prothese-hanche-nice.fr\/#website","url":"https:\/\/prothese-hanche-nice.fr\/","name":"La proth\u00e8se de hanche - Chirurgie de La Hanche Nice","description":"Chirurgie de la hanche Docteur Ga\u00ebl Poir\u00e9e sp\u00e9cialiste de La proth\u00e8se de hanche","potentialAction":[{"@type":"SearchAction","target":{"@type":"EntryPoint","urlTemplate":"https:\/\/prothese-hanche-nice.fr\/?s={search_term_string}"},"query-input":{"@type":"PropertyValueSpecification","valueRequired":true,"valueName":"search_term_string"}}],"inLanguage":"it-IT"}]}},"_links":{"self":[{"href":"https:\/\/prothese-hanche-nice.fr\/it\/wp-json\/wp\/v2\/pages\/4025","targetHints":{"allow":["GET"]}}],"collection":[{"href":"https:\/\/prothese-hanche-nice.fr\/it\/wp-json\/wp\/v2\/pages"}],"about":[{"href":"https:\/\/prothese-hanche-nice.fr\/it\/wp-json\/wp\/v2\/types\/page"}],"author":[{"embeddable":true,"href":"https:\/\/prothese-hanche-nice.fr\/it\/wp-json\/wp\/v2\/users\/1"}],"replies":[{"embeddable":true,"href":"https:\/\/prothese-hanche-nice.fr\/it\/wp-json\/wp\/v2\/comments?post=4025"}],"version-history":[{"count":1,"href":"https:\/\/prothese-hanche-nice.fr\/it\/wp-json\/wp\/v2\/pages\/4025\/revisions"}],"predecessor-version":[{"id":4026,"href":"https:\/\/prothese-hanche-nice.fr\/it\/wp-json\/wp\/v2\/pages\/4025\/revisions\/4026"}],"wp:attachment":[{"href":"https:\/\/prothese-hanche-nice.fr\/it\/wp-json\/wp\/v2\/media?parent=4025"}],"curies":[{"name":"wp","href":"https:\/\/api.w.org\/{rel}","templated":true}]}}