{"id":4030,"date":"2017-08-30T11:22:03","date_gmt":"2017-08-30T09:22:03","guid":{"rendered":"https:\/\/prothese-hanche-nice.fr\/?page_id=4030\/"},"modified":"2017-08-30T11:22:03","modified_gmt":"2017-08-30T09:22:03","slug":"protesi-dellanca-rovinano-col-tempo","status":"publish","type":"page","link":"https:\/\/prothese-hanche-nice.fr\/it\/protesi-dellanca-rovinano-col-tempo\/","title":{"rendered":"Le protesi dell\u2019anca si rovinano col tempo\u00a0?"},"content":{"rendered":"<section class=\"wpb-content-wrapper\"><p>[vc_row][vc_column]<header class=\"kwayy-heading-wrapper kwayy-heading-wrapper-align-center\"><div class=\"kwayy-heading-wrapper-inner\"><h2 class=\"kwayy-heading-align-center\"><span>Le protesi dell\u2019anca si rovinano col tempo ?<br \/>\n<\/span><\/h2><\/div><p class=\"kwayy-subheading\">Dottor Ga\u00ebl Poir\u00e9e<\/p><\/header>[vc_column_text]<\/p>\n<p><img decoding=\"async\" class=\"alignright wp-image-3998 size-medium\" title=\"Le protesi dell\u2019anca si rovinano col tempo\u00a0\" src=\"https:\/\/prothese-hanche-nice.fr\/wp-content\/uploads\/2017\/05\/Laporte-G-1anF-300x246.jpg\" alt=\"Le protesi dell\u2019anca si rovinano col tempo\u00a0\" width=\"300\" height=\"246\" srcset=\"https:\/\/prothese-hanche-nice.fr\/wp-content\/uploads\/2017\/05\/Laporte-G-1anF-300x246.jpg 300w, https:\/\/prothese-hanche-nice.fr\/wp-content\/uploads\/2017\/05\/Laporte-G-1anF-768x630.jpg 768w, https:\/\/prothese-hanche-nice.fr\/wp-content\/uploads\/2017\/05\/Laporte-G-1anF-1024x840.jpg 1024w, https:\/\/prothese-hanche-nice.fr\/wp-content\/uploads\/2017\/05\/Laporte-G-1anF-600x492.jpg 600w\" sizes=\"(max-width: 300px) 100vw, 300px\" \/><\/p>\n<p>Effettivamente <strong>le protesi dell\u2019anca si usano con il tempo<\/strong>, come tutti i componenti mecanici. Le protesi\u00a0 coppia di fregamento ceramica\/ceramica\u00a0 (dura\/dura) hanno un\u2019usura quasi inesistente in vitro e vengono posate su pazienti giovani (meno di 65 anni) ma hanno altri inconvenienti (rischio di lussazione pi\u00f9 importanti, rumori di cigolio o rottura)<\/p>\n<p><strong>Le protesi a doppia mobilit\u00e0<\/strong> (coppia fregamento ceramica polietilene) hanno un\u2019usura di circa 0,1 mm all\u2019anno. <strong>Un po\u2019 meno per i polietileni di ultima generazione<\/strong>.<\/p>\n<p><strong>La durata media di una protesi dell\u2019anca \u00e8 dai 20 ai 30 anni<\/strong> probabilmente di pi\u00f9 per quelle che vengono posate oggi giorno.<\/p>\n<p><strong>Questa durata di vita implica un seguito radiologico ogni due anni, a vita.<\/strong><\/p>\n<p><strong>Cette dur\u00e9e de vie implique\u00a0un suivi radiographique tous les deux ans \u00e0 vie.<\/strong><\/p>\n<p>[\/vc_column_text][\/vc_column][\/vc_row]<\/p>\n<\/section>","protected":false},"excerpt":{"rendered":"<p>[vc_row][vc_column][vc_column_text] Effettivamente le protesi dell\u2019anca si usano con il tempo, come tutti i componenti mecanici. Le protesi\u00a0 coppia di fregamento ceramica\/ceramica\u00a0 (dura\/dura) hanno un\u2019usura quasi inesistente in vitro e vengono posate su pazienti giovani (meno di 65 anni) ma hanno altri inconvenienti (rischio di lussazione pi\u00f9 importanti, rumori di cigolio o rottura) Le protesi a [&hellip;]<\/p>\n","protected":false},"author":1,"featured_media":0,"parent":0,"menu_order":0,"comment_status":"closed","ping_status":"closed","template":"","meta":{"footnotes":""},"class_list":["post-4030","page","type-page","status-publish","hentry"],"yoast_head":"<!-- This site is optimized with the Yoast SEO plugin v24.3 - https:\/\/yoast.com\/wordpress\/plugins\/seo\/ -->\n<title>Le protesi dell\u2019anca si rovinano col tempo\u00a0? Dottor Ga\u00ebl Poir\u00e9e Nizza<\/title>\n<meta name=\"description\" content=\"Effettivamente le protesi dell\u2019anca si usano con il tempo, come tutti i componenti mecanici. Le protesi coppia di fregamento ceramica...\" \/>\n<meta name=\"robots\" content=\"index, follow, max-snippet:-1, max-image-preview:large, max-video-preview:-1\" \/>\n<link rel=\"canonical\" href=\"https:\/\/prothese-hanche-nice.fr\/it\/protesi-dellanca-rovinano-col-tempo\/\" \/>\n<meta property=\"og:locale\" content=\"it_IT\" \/>\n<meta property=\"og:type\" content=\"article\" \/>\n<meta property=\"og:title\" content=\"Le protesi dell\u2019anca si rovinano col tempo\u00a0? Dottor Ga\u00ebl Poir\u00e9e Nizza\" \/>\n<meta property=\"og:description\" content=\"Effettivamente le protesi dell\u2019anca si usano con il tempo, come tutti i componenti mecanici. Le protesi coppia di fregamento ceramica...\" \/>\n<meta property=\"og:url\" content=\"https:\/\/prothese-hanche-nice.fr\/it\/protesi-dellanca-rovinano-col-tempo\/\" \/>\n<meta property=\"og:site_name\" content=\"La proth\u00e8se de hanche - Chirurgie de La Hanche Nice\" \/>\n<meta property=\"og:image\" content=\"https:\/\/prothese-hanche-nice.fr\/wp-content\/uploads\/2017\/05\/Laporte-G-1anF-300x246.jpg\" \/>\n<meta name=\"twitter:card\" content=\"summary_large_image\" \/>\n<meta name=\"twitter:label1\" content=\"Tempo di lettura stimato\" \/>\n\t<meta name=\"twitter:data1\" content=\"1 minuto\" \/>\n<script type=\"application\/ld+json\" class=\"yoast-schema-graph\">{\"@context\":\"https:\/\/schema.org\",\"@graph\":[{\"@type\":\"WebPage\",\"@id\":\"https:\/\/prothese-hanche-nice.fr\/it\/protesi-dellanca-rovinano-col-tempo\/\",\"url\":\"https:\/\/prothese-hanche-nice.fr\/it\/protesi-dellanca-rovinano-col-tempo\/\",\"name\":\"Le protesi dell\u2019anca si rovinano col tempo\u00a0? Dottor Ga\u00ebl Poir\u00e9e Nizza\",\"isPartOf\":{\"@id\":\"https:\/\/prothese-hanche-nice.fr\/#website\"},\"primaryImageOfPage\":{\"@id\":\"https:\/\/prothese-hanche-nice.fr\/it\/protesi-dellanca-rovinano-col-tempo\/#primaryimage\"},\"image\":{\"@id\":\"https:\/\/prothese-hanche-nice.fr\/it\/protesi-dellanca-rovinano-col-tempo\/#primaryimage\"},\"thumbnailUrl\":\"https:\/\/prothese-hanche-nice.fr\/wp-content\/uploads\/2017\/05\/Laporte-G-1anF-300x246.jpg\",\"datePublished\":\"2017-08-30T09:22:03+00:00\",\"dateModified\":\"2017-08-30T09:22:03+00:00\",\"description\":\"Effettivamente le protesi dell\u2019anca si usano con il tempo, come tutti i componenti mecanici. Le protesi coppia di fregamento ceramica...\",\"breadcrumb\":{\"@id\":\"https:\/\/prothese-hanche-nice.fr\/it\/protesi-dellanca-rovinano-col-tempo\/#breadcrumb\"},\"inLanguage\":\"it-IT\",\"potentialAction\":[{\"@type\":\"ReadAction\",\"target\":[\"https:\/\/prothese-hanche-nice.fr\/it\/protesi-dellanca-rovinano-col-tempo\/\"]}]},{\"@type\":\"ImageObject\",\"inLanguage\":\"it-IT\",\"@id\":\"https:\/\/prothese-hanche-nice.fr\/it\/protesi-dellanca-rovinano-col-tempo\/#primaryimage\",\"url\":\"https:\/\/prothese-hanche-nice.fr\/wp-content\/uploads\/2017\/05\/Laporte-G-1anF-300x246.jpg\",\"contentUrl\":\"https:\/\/prothese-hanche-nice.fr\/wp-content\/uploads\/2017\/05\/Laporte-G-1anF-300x246.jpg\"},{\"@type\":\"BreadcrumbList\",\"@id\":\"https:\/\/prothese-hanche-nice.fr\/it\/protesi-dellanca-rovinano-col-tempo\/#breadcrumb\",\"itemListElement\":[{\"@type\":\"ListItem\",\"position\":1,\"name\":\"Accueil\",\"item\":\"https:\/\/prothese-hanche-nice.fr\/it\/\"},{\"@type\":\"ListItem\",\"position\":2,\"name\":\"Le protesi dell\u2019anca si rovinano col tempo\u00a0?\"}]},{\"@type\":\"WebSite\",\"@id\":\"https:\/\/prothese-hanche-nice.fr\/#website\",\"url\":\"https:\/\/prothese-hanche-nice.fr\/\",\"name\":\"La proth\u00e8se de hanche - Chirurgie de La Hanche Nice\",\"description\":\"Chirurgie de la hanche Docteur Ga\u00ebl Poir\u00e9e sp\u00e9cialiste de La proth\u00e8se de hanche\",\"potentialAction\":[{\"@type\":\"SearchAction\",\"target\":{\"@type\":\"EntryPoint\",\"urlTemplate\":\"https:\/\/prothese-hanche-nice.fr\/?s={search_term_string}\"},\"query-input\":{\"@type\":\"PropertyValueSpecification\",\"valueRequired\":true,\"valueName\":\"search_term_string\"}}],\"inLanguage\":\"it-IT\"}]}<\/script>\n<!-- \/ Yoast SEO plugin. -->","yoast_head_json":{"title":"Le protesi dell\u2019anca si rovinano col tempo\u00a0? Dottor Ga\u00ebl Poir\u00e9e Nizza","description":"Effettivamente le protesi dell\u2019anca si usano con il tempo, come tutti i componenti mecanici. Le protesi coppia di fregamento ceramica...","robots":{"index":"index","follow":"follow","max-snippet":"max-snippet:-1","max-image-preview":"max-image-preview:large","max-video-preview":"max-video-preview:-1"},"canonical":"https:\/\/prothese-hanche-nice.fr\/it\/protesi-dellanca-rovinano-col-tempo\/","og_locale":"it_IT","og_type":"article","og_title":"Le protesi dell\u2019anca si rovinano col tempo\u00a0? Dottor Ga\u00ebl Poir\u00e9e Nizza","og_description":"Effettivamente le protesi dell\u2019anca si usano con il tempo, come tutti i componenti mecanici. Le protesi coppia di fregamento ceramica...","og_url":"https:\/\/prothese-hanche-nice.fr\/it\/protesi-dellanca-rovinano-col-tempo\/","og_site_name":"La proth\u00e8se de hanche - Chirurgie de La Hanche Nice","og_image":[{"url":"https:\/\/prothese-hanche-nice.fr\/wp-content\/uploads\/2017\/05\/Laporte-G-1anF-300x246.jpg","type":"","width":"","height":""}],"twitter_card":"summary_large_image","twitter_misc":{"Tempo di lettura stimato":"1 minuto"},"schema":{"@context":"https:\/\/schema.org","@graph":[{"@type":"WebPage","@id":"https:\/\/prothese-hanche-nice.fr\/it\/protesi-dellanca-rovinano-col-tempo\/","url":"https:\/\/prothese-hanche-nice.fr\/it\/protesi-dellanca-rovinano-col-tempo\/","name":"Le protesi dell\u2019anca si rovinano col tempo\u00a0? Dottor Ga\u00ebl Poir\u00e9e Nizza","isPartOf":{"@id":"https:\/\/prothese-hanche-nice.fr\/#website"},"primaryImageOfPage":{"@id":"https:\/\/prothese-hanche-nice.fr\/it\/protesi-dellanca-rovinano-col-tempo\/#primaryimage"},"image":{"@id":"https:\/\/prothese-hanche-nice.fr\/it\/protesi-dellanca-rovinano-col-tempo\/#primaryimage"},"thumbnailUrl":"https:\/\/prothese-hanche-nice.fr\/wp-content\/uploads\/2017\/05\/Laporte-G-1anF-300x246.jpg","datePublished":"2017-08-30T09:22:03+00:00","dateModified":"2017-08-30T09:22:03+00:00","description":"Effettivamente le protesi dell\u2019anca si usano con il tempo, come tutti i componenti mecanici. Le protesi coppia di fregamento ceramica...","breadcrumb":{"@id":"https:\/\/prothese-hanche-nice.fr\/it\/protesi-dellanca-rovinano-col-tempo\/#breadcrumb"},"inLanguage":"it-IT","potentialAction":[{"@type":"ReadAction","target":["https:\/\/prothese-hanche-nice.fr\/it\/protesi-dellanca-rovinano-col-tempo\/"]}]},{"@type":"ImageObject","inLanguage":"it-IT","@id":"https:\/\/prothese-hanche-nice.fr\/it\/protesi-dellanca-rovinano-col-tempo\/#primaryimage","url":"https:\/\/prothese-hanche-nice.fr\/wp-content\/uploads\/2017\/05\/Laporte-G-1anF-300x246.jpg","contentUrl":"https:\/\/prothese-hanche-nice.fr\/wp-content\/uploads\/2017\/05\/Laporte-G-1anF-300x246.jpg"},{"@type":"BreadcrumbList","@id":"https:\/\/prothese-hanche-nice.fr\/it\/protesi-dellanca-rovinano-col-tempo\/#breadcrumb","itemListElement":[{"@type":"ListItem","position":1,"name":"Accueil","item":"https:\/\/prothese-hanche-nice.fr\/it\/"},{"@type":"ListItem","position":2,"name":"Le protesi dell\u2019anca si rovinano col tempo\u00a0?"}]},{"@type":"WebSite","@id":"https:\/\/prothese-hanche-nice.fr\/#website","url":"https:\/\/prothese-hanche-nice.fr\/","name":"La proth\u00e8se de hanche - Chirurgie de La Hanche Nice","description":"Chirurgie de la hanche Docteur Ga\u00ebl Poir\u00e9e sp\u00e9cialiste de La proth\u00e8se de hanche","potentialAction":[{"@type":"SearchAction","target":{"@type":"EntryPoint","urlTemplate":"https:\/\/prothese-hanche-nice.fr\/?s={search_term_string}"},"query-input":{"@type":"PropertyValueSpecification","valueRequired":true,"valueName":"search_term_string"}}],"inLanguage":"it-IT"}]}},"_links":{"self":[{"href":"https:\/\/prothese-hanche-nice.fr\/it\/wp-json\/wp\/v2\/pages\/4030","targetHints":{"allow":["GET"]}}],"collection":[{"href":"https:\/\/prothese-hanche-nice.fr\/it\/wp-json\/wp\/v2\/pages"}],"about":[{"href":"https:\/\/prothese-hanche-nice.fr\/it\/wp-json\/wp\/v2\/types\/page"}],"author":[{"embeddable":true,"href":"https:\/\/prothese-hanche-nice.fr\/it\/wp-json\/wp\/v2\/users\/1"}],"replies":[{"embeddable":true,"href":"https:\/\/prothese-hanche-nice.fr\/it\/wp-json\/wp\/v2\/comments?post=4030"}],"version-history":[{"count":1,"href":"https:\/\/prothese-hanche-nice.fr\/it\/wp-json\/wp\/v2\/pages\/4030\/revisions"}],"predecessor-version":[{"id":4031,"href":"https:\/\/prothese-hanche-nice.fr\/it\/wp-json\/wp\/v2\/pages\/4030\/revisions\/4031"}],"wp:attachment":[{"href":"https:\/\/prothese-hanche-nice.fr\/it\/wp-json\/wp\/v2\/media?parent=4030"}],"curies":[{"name":"wp","href":"https:\/\/api.w.org\/{rel}","templated":true}]}}