{"id":4034,"date":"2017-08-30T11:32:55","date_gmt":"2017-08-30T09:32:55","guid":{"rendered":"https:\/\/prothese-hanche-nice.fr\/?page_id=4034\/"},"modified":"2017-08-30T11:32:55","modified_gmt":"2017-08-30T09:32:55","slug":"protesi-dellanca-in-ambulatorio","status":"publish","type":"page","link":"https:\/\/prothese-hanche-nice.fr\/it\/protesi-dellanca-in-ambulatorio\/","title":{"rendered":"Protesi dell\u2019anca in ambulatorio"},"content":{"rendered":"<section class=\"wpb-content-wrapper\"><p>[vc_row][vc_column]<header class=\"kwayy-heading-wrapper kwayy-heading-wrapper-align-center\"><div class=\"kwayy-heading-wrapper-inner\"><h2 class=\"kwayy-heading-align-center\"><span>Protesi dell\u2019anca in ambulatorio<br \/>\n<\/span><\/h2><\/div><p class=\"kwayy-subheading\">Dottor Ga\u00ebl Poir\u00e9e<\/p><\/header>[vc_row_inner][vc_column_inner width=&#8221;1\/2&#8243;][vc_column_text]<\/p>\n<p style=\"text-align: justify;\"><strong>Senz\u2019altro, \u00e8 la soluzione ottima per un recupero rapidissimo dopo l\u2019intervento, quella di poter essere operato\u00a0 \u00a0in ambulatorio<\/strong> <strong>se non si vive da soli<\/strong>, se non si presentano <strong>problemi cardiaci<\/strong> o altri tipi di problemi con rischio di scompenso e <strong>se non si abita troppo lontani dalla clinica<\/strong>. Lo scopo della visita pre operatoria sar\u00e0 di spiegare al meglio lo svolgimento di questo tipo di ricovero e\u00a0 di determinare se i criteri sono conformi secondo l\u2019anestesista.<\/p>\n<p style=\"text-align: justify;\"><strong>Si entra in clinica la mattina stessa dell\u2019intervento, a digiuno e l\u2019intervento si fa nella mattinata. Si effettuerano i primi passi subito dopo l\u2019intervento con l\u2019aiuto di un fisioterapista e si puo\u2019 quindi rientrare a casa la sera stessa.<\/strong><\/p>\n<p style=\"text-align: justify;\">Il trattamento contro il dolore viene dato oralmente nonch\u00e8 gli anticoagulanti (per evitare la flebite)<\/p>\n<p style=\"text-align: justify;\">La prima visita di controllo si svolge un mese dopo\u00a0 l\u2019intervento.<\/p>\n<p>[\/vc_column_text][\/vc_column_inner][vc_column_inner width=&#8221;1\/2&#8243;][vc_single_image image=&#8221;4002&#8243; img_size=&#8221;full&#8221; alignment=&#8221;right&#8221; style=&#8221;vc_box_outline&#8221; onclick=&#8221;link_image&#8221;][\/vc_column_inner][\/vc_row_inner][\/vc_column][\/vc_row]<\/p>\n<\/section>","protected":false},"excerpt":{"rendered":"<p>[vc_row][vc_column][vc_row_inner][vc_column_inner width=&#8221;1\/2&#8243;][vc_column_text] Senz\u2019altro, \u00e8 la soluzione ottima per un recupero rapidissimo dopo l\u2019intervento, quella di poter essere operato\u00a0 \u00a0in ambulatorio se non si vive da soli, se non si presentano problemi cardiaci o altri tipi di problemi con rischio di scompenso e se non si abita troppo lontani dalla clinica. Lo scopo della visita pre [&hellip;]<\/p>\n","protected":false},"author":1,"featured_media":0,"parent":0,"menu_order":0,"comment_status":"closed","ping_status":"closed","template":"","meta":{"footnotes":""},"class_list":["post-4034","page","type-page","status-publish","hentry"],"yoast_head":"<!-- This site is optimized with the Yoast SEO plugin v24.3 - https:\/\/yoast.com\/wordpress\/plugins\/seo\/ -->\n<title>Protesi dell\u2019anca in ambulatorio Dot Ga\u00ebl POIREE Chirurgo ortopedico<\/title>\n<meta name=\"description\" content=\"Protesi dell\u2019anca in ambulatorio Dot Ga\u00ebl POIREE Chirurgo ortopedico specializzato sulla protesi dell\u2019anca - Nizza Francia\" \/>\n<meta name=\"robots\" content=\"index, follow, max-snippet:-1, max-image-preview:large, max-video-preview:-1\" \/>\n<link rel=\"canonical\" href=\"https:\/\/prothese-hanche-nice.fr\/it\/protesi-dellanca-in-ambulatorio\/\" \/>\n<meta property=\"og:locale\" content=\"it_IT\" \/>\n<meta property=\"og:type\" content=\"article\" \/>\n<meta property=\"og:title\" content=\"Protesi dell\u2019anca in ambulatorio Dot Ga\u00ebl POIREE Chirurgo ortopedico\" \/>\n<meta property=\"og:description\" content=\"Protesi dell\u2019anca in ambulatorio Dot Ga\u00ebl POIREE Chirurgo ortopedico specializzato sulla protesi dell\u2019anca - Nizza Francia\" \/>\n<meta property=\"og:url\" content=\"https:\/\/prothese-hanche-nice.fr\/it\/protesi-dellanca-in-ambulatorio\/\" \/>\n<meta property=\"og:site_name\" content=\"La proth\u00e8se de hanche - Chirurgie de La Hanche Nice\" \/>\n<meta name=\"twitter:card\" content=\"summary_large_image\" \/>\n<meta name=\"twitter:label1\" content=\"Tempo di lettura stimato\" \/>\n\t<meta name=\"twitter:data1\" content=\"1 minuto\" \/>\n<script type=\"application\/ld+json\" class=\"yoast-schema-graph\">{\"@context\":\"https:\/\/schema.org\",\"@graph\":[{\"@type\":\"WebPage\",\"@id\":\"https:\/\/prothese-hanche-nice.fr\/it\/protesi-dellanca-in-ambulatorio\/\",\"url\":\"https:\/\/prothese-hanche-nice.fr\/it\/protesi-dellanca-in-ambulatorio\/\",\"name\":\"Protesi dell\u2019anca in ambulatorio Dot Ga\u00ebl POIREE Chirurgo ortopedico\",\"isPartOf\":{\"@id\":\"https:\/\/prothese-hanche-nice.fr\/#website\"},\"datePublished\":\"2017-08-30T09:32:55+00:00\",\"dateModified\":\"2017-08-30T09:32:55+00:00\",\"description\":\"Protesi dell\u2019anca in ambulatorio Dot Ga\u00ebl POIREE Chirurgo ortopedico specializzato sulla protesi dell\u2019anca - Nizza Francia\",\"breadcrumb\":{\"@id\":\"https:\/\/prothese-hanche-nice.fr\/it\/protesi-dellanca-in-ambulatorio\/#breadcrumb\"},\"inLanguage\":\"it-IT\",\"potentialAction\":[{\"@type\":\"ReadAction\",\"target\":[\"https:\/\/prothese-hanche-nice.fr\/it\/protesi-dellanca-in-ambulatorio\/\"]}]},{\"@type\":\"BreadcrumbList\",\"@id\":\"https:\/\/prothese-hanche-nice.fr\/it\/protesi-dellanca-in-ambulatorio\/#breadcrumb\",\"itemListElement\":[{\"@type\":\"ListItem\",\"position\":1,\"name\":\"Accueil\",\"item\":\"https:\/\/prothese-hanche-nice.fr\/it\/\"},{\"@type\":\"ListItem\",\"position\":2,\"name\":\"Protesi dell\u2019anca in ambulatorio\"}]},{\"@type\":\"WebSite\",\"@id\":\"https:\/\/prothese-hanche-nice.fr\/#website\",\"url\":\"https:\/\/prothese-hanche-nice.fr\/\",\"name\":\"La proth\u00e8se de hanche - Chirurgie de La Hanche Nice\",\"description\":\"Chirurgie de la hanche Docteur Ga\u00ebl Poir\u00e9e sp\u00e9cialiste de La proth\u00e8se de hanche\",\"potentialAction\":[{\"@type\":\"SearchAction\",\"target\":{\"@type\":\"EntryPoint\",\"urlTemplate\":\"https:\/\/prothese-hanche-nice.fr\/?s={search_term_string}\"},\"query-input\":{\"@type\":\"PropertyValueSpecification\",\"valueRequired\":true,\"valueName\":\"search_term_string\"}}],\"inLanguage\":\"it-IT\"}]}<\/script>\n<!-- \/ Yoast SEO plugin. -->","yoast_head_json":{"title":"Protesi dell\u2019anca in ambulatorio Dot Ga\u00ebl POIREE Chirurgo ortopedico","description":"Protesi dell\u2019anca in ambulatorio Dot Ga\u00ebl POIREE Chirurgo ortopedico specializzato sulla protesi dell\u2019anca - Nizza Francia","robots":{"index":"index","follow":"follow","max-snippet":"max-snippet:-1","max-image-preview":"max-image-preview:large","max-video-preview":"max-video-preview:-1"},"canonical":"https:\/\/prothese-hanche-nice.fr\/it\/protesi-dellanca-in-ambulatorio\/","og_locale":"it_IT","og_type":"article","og_title":"Protesi dell\u2019anca in ambulatorio Dot Ga\u00ebl POIREE Chirurgo ortopedico","og_description":"Protesi dell\u2019anca in ambulatorio Dot Ga\u00ebl POIREE Chirurgo ortopedico specializzato sulla protesi dell\u2019anca - Nizza Francia","og_url":"https:\/\/prothese-hanche-nice.fr\/it\/protesi-dellanca-in-ambulatorio\/","og_site_name":"La proth\u00e8se de hanche - Chirurgie de La Hanche Nice","twitter_card":"summary_large_image","twitter_misc":{"Tempo di lettura stimato":"1 minuto"},"schema":{"@context":"https:\/\/schema.org","@graph":[{"@type":"WebPage","@id":"https:\/\/prothese-hanche-nice.fr\/it\/protesi-dellanca-in-ambulatorio\/","url":"https:\/\/prothese-hanche-nice.fr\/it\/protesi-dellanca-in-ambulatorio\/","name":"Protesi dell\u2019anca in ambulatorio Dot Ga\u00ebl POIREE Chirurgo ortopedico","isPartOf":{"@id":"https:\/\/prothese-hanche-nice.fr\/#website"},"datePublished":"2017-08-30T09:32:55+00:00","dateModified":"2017-08-30T09:32:55+00:00","description":"Protesi dell\u2019anca in ambulatorio Dot Ga\u00ebl POIREE Chirurgo ortopedico specializzato sulla protesi dell\u2019anca - Nizza Francia","breadcrumb":{"@id":"https:\/\/prothese-hanche-nice.fr\/it\/protesi-dellanca-in-ambulatorio\/#breadcrumb"},"inLanguage":"it-IT","potentialAction":[{"@type":"ReadAction","target":["https:\/\/prothese-hanche-nice.fr\/it\/protesi-dellanca-in-ambulatorio\/"]}]},{"@type":"BreadcrumbList","@id":"https:\/\/prothese-hanche-nice.fr\/it\/protesi-dellanca-in-ambulatorio\/#breadcrumb","itemListElement":[{"@type":"ListItem","position":1,"name":"Accueil","item":"https:\/\/prothese-hanche-nice.fr\/it\/"},{"@type":"ListItem","position":2,"name":"Protesi dell\u2019anca in ambulatorio"}]},{"@type":"WebSite","@id":"https:\/\/prothese-hanche-nice.fr\/#website","url":"https:\/\/prothese-hanche-nice.fr\/","name":"La proth\u00e8se de hanche - Chirurgie de La Hanche Nice","description":"Chirurgie de la hanche Docteur Ga\u00ebl Poir\u00e9e sp\u00e9cialiste de La proth\u00e8se de hanche","potentialAction":[{"@type":"SearchAction","target":{"@type":"EntryPoint","urlTemplate":"https:\/\/prothese-hanche-nice.fr\/?s={search_term_string}"},"query-input":{"@type":"PropertyValueSpecification","valueRequired":true,"valueName":"search_term_string"}}],"inLanguage":"it-IT"}]}},"_links":{"self":[{"href":"https:\/\/prothese-hanche-nice.fr\/it\/wp-json\/wp\/v2\/pages\/4034","targetHints":{"allow":["GET"]}}],"collection":[{"href":"https:\/\/prothese-hanche-nice.fr\/it\/wp-json\/wp\/v2\/pages"}],"about":[{"href":"https:\/\/prothese-hanche-nice.fr\/it\/wp-json\/wp\/v2\/types\/page"}],"author":[{"embeddable":true,"href":"https:\/\/prothese-hanche-nice.fr\/it\/wp-json\/wp\/v2\/users\/1"}],"replies":[{"embeddable":true,"href":"https:\/\/prothese-hanche-nice.fr\/it\/wp-json\/wp\/v2\/comments?post=4034"}],"version-history":[{"count":1,"href":"https:\/\/prothese-hanche-nice.fr\/it\/wp-json\/wp\/v2\/pages\/4034\/revisions"}],"predecessor-version":[{"id":4035,"href":"https:\/\/prothese-hanche-nice.fr\/it\/wp-json\/wp\/v2\/pages\/4034\/revisions\/4035"}],"wp:attachment":[{"href":"https:\/\/prothese-hanche-nice.fr\/it\/wp-json\/wp\/v2\/media?parent=4034"}],"curies":[{"name":"wp","href":"https:\/\/api.w.org\/{rel}","templated":true}]}}