{"id":4038,"date":"2017-08-30T11:41:57","date_gmt":"2017-08-30T09:41:57","guid":{"rendered":"https:\/\/prothese-hanche-nice.fr\/?page_id=4038\/"},"modified":"2017-08-30T11:41:57","modified_gmt":"2017-08-30T09:41:57","slug":"i-rischi-e-complicazioni-possibili-dopo-lintervento","status":"publish","type":"page","link":"https:\/\/prothese-hanche-nice.fr\/it\/i-rischi-e-complicazioni-possibili-dopo-lintervento\/","title":{"rendered":"I rischi e le complicazioni possibili dopo l\u2019intervento"},"content":{"rendered":"<section class=\"wpb-content-wrapper\"><p>[vc_row][vc_column][vc_column_text]<\/p>\n<p style=\"text-align: justify;\">[\/vc_column_text][\/vc_column][\/vc_row][vc_row][vc_column]<header class=\"kwayy-heading-wrapper kwayy-heading-wrapper-align-center\"><div class=\"kwayy-heading-wrapper-inner\"><h2 class=\"kwayy-heading-align-center\"><span>I rischi e le complicazioni possibili dopo l\u2019intervento<br \/>\n<\/span><\/h2><\/div><p class=\"kwayy-subheading\">Dottor Ga\u00ebl Poir\u00e9e<\/p><\/header>[vc_column_text]<img decoding=\"async\" class=\"alignright wp-image-4036 size-medium\" title=\"Les risques et les complications possibles de la chirurgie de la hanche\" src=\"https:\/\/prothese-hanche-nice.fr\/wp-content\/uploads\/2017\/05\/chirurgie-hanche-risques-200x300.jpg\" alt=\"Les risques et les complications possibles de la chirurgie de la hanche\" width=\"200\" height=\"300\" srcset=\"https:\/\/prothese-hanche-nice.fr\/wp-content\/uploads\/2017\/05\/chirurgie-hanche-risques-200x300.jpg 200w, https:\/\/prothese-hanche-nice.fr\/wp-content\/uploads\/2017\/05\/chirurgie-hanche-risques.jpg 533w\" sizes=\"(max-width: 200px) 100vw, 200px\" \/><\/p>\n<p><strong>Un\u2019infezione della zona operata<\/strong> (nosocomiale) \u00e8 oramai diventata <strong>molto rara<\/strong> con tutte le precauzioni che vengono prese (0,3 a 1 %) ma \u00e8 sempre possibile.<\/p>\n<p><strong>Una flebite<\/strong> (un coagulo sanguigno nelle vene\u00a0; 2 a 3.5 % di rischio) vedi un\u2019embolia polmonare (in caso di migrazione del coagulo\u00a0; 0.3 %) puo soppravenire e necessitare un trattamento orale di anticoagulante o di punture per circa 42 giorni.<\/p>\n<p><strong>Una lussazione<\/strong> (<strong>o spostamento dei pezzi della protesi tra di loro<\/strong>) \u00e8 possibile e la probabilit\u00e0 varia tra il 0.16 e il 3.8 %). Con l\u2019utilizzo delle vie prima mini-invasive, delle protesi a doppia mobilit\u00e0 da pazienti anziani o a rischio di lussazione (insufficienza muscolare, malattia neurologica) o delle teste di grosso diametro nelle protesi convenzionali\u00a0 ceramica\/ceramica, questo rischio \u00e8 diventato minimo.<\/p>\n<p><strong>Uno slegamento a medio o lungo termine<\/strong> (5 % a 15 anni) legato all\u2019usura della protesi.<\/p>\n<p><strong>Delle complicazioni neurologiche<\/strong> (1 a 2 %), fratture del femore (1 a 3 %) o del cotile (0.2 %) in caso di fragilit\u00e0 ossea o ineguaglianza della\u00a0lunghezza dei membri inferiori, superiore a 5 mm (spesso esistente prima dell\u2019intervento ma non conosciute) possono intervenire.<\/p>\n<p>Questo elenco non \u00e8 esauriente e comporta solo I rischi pi\u00f9 frequenti.[\/vc_column_text][\/vc_column][\/vc_row][vc_row][vc_column][vc_column_text]<\/p>\n<p>[\/vc_column_text][\/vc_column][\/vc_row]<\/p>\n<\/section>","protected":false},"excerpt":{"rendered":"<p>[vc_row][vc_column][vc_column_text] [\/vc_column_text][\/vc_column][\/vc_row][vc_row][vc_column][vc_column_text] Un\u2019infezione della zona operata (nosocomiale) \u00e8 oramai diventata molto rara con tutte le precauzioni che vengono prese (0,3 a 1 %) ma \u00e8 sempre possibile. Una flebite (un coagulo sanguigno nelle vene\u00a0; 2 a 3.5 % di rischio) vedi un\u2019embolia polmonare (in caso di migrazione del coagulo\u00a0; 0.3 %) puo soppravenire e necessitare [&hellip;]<\/p>\n","protected":false},"author":1,"featured_media":0,"parent":0,"menu_order":0,"comment_status":"closed","ping_status":"closed","template":"","meta":{"footnotes":""},"class_list":["post-4038","page","type-page","status-publish","hentry"],"yoast_head":"<!-- This site is optimized with the Yoast SEO plugin v24.3 - https:\/\/yoast.com\/wordpress\/plugins\/seo\/ -->\n<title>I rischi e le complicazioni possibili dopo l\u2019intervento della protesi dell\u2019anca<\/title>\n<meta name=\"description\" content=\"I rischi e le complicazioni possibili dopo l\u2019intervento della protesi dell\u2019anca - Dottore Ga\u00ebl Poir\u00e9e Chirurgo ortopedico \u2013 Nizza Francia\" \/>\n<meta name=\"robots\" content=\"index, follow, max-snippet:-1, max-image-preview:large, max-video-preview:-1\" \/>\n<link rel=\"canonical\" href=\"https:\/\/prothese-hanche-nice.fr\/it\/i-rischi-e-complicazioni-possibili-dopo-lintervento\/\" \/>\n<meta property=\"og:locale\" content=\"it_IT\" \/>\n<meta property=\"og:type\" content=\"article\" \/>\n<meta property=\"og:title\" content=\"I rischi e le complicazioni possibili dopo l\u2019intervento della protesi dell\u2019anca\" \/>\n<meta property=\"og:description\" content=\"I rischi e le complicazioni possibili dopo l\u2019intervento della protesi dell\u2019anca - Dottore Ga\u00ebl Poir\u00e9e Chirurgo ortopedico \u2013 Nizza Francia\" \/>\n<meta property=\"og:url\" content=\"https:\/\/prothese-hanche-nice.fr\/it\/i-rischi-e-complicazioni-possibili-dopo-lintervento\/\" \/>\n<meta property=\"og:site_name\" content=\"La proth\u00e8se de hanche - Chirurgie de La Hanche Nice\" \/>\n<meta property=\"og:image\" content=\"https:\/\/prothese-hanche-nice.fr\/wp-content\/uploads\/2017\/05\/chirurgie-hanche-risques-200x300.jpg\" \/>\n<meta name=\"twitter:card\" content=\"summary_large_image\" \/>\n<meta name=\"twitter:label1\" content=\"Tempo di lettura stimato\" \/>\n\t<meta name=\"twitter:data1\" content=\"1 minuto\" \/>\n<script type=\"application\/ld+json\" class=\"yoast-schema-graph\">{\"@context\":\"https:\/\/schema.org\",\"@graph\":[{\"@type\":\"WebPage\",\"@id\":\"https:\/\/prothese-hanche-nice.fr\/it\/i-rischi-e-complicazioni-possibili-dopo-lintervento\/\",\"url\":\"https:\/\/prothese-hanche-nice.fr\/it\/i-rischi-e-complicazioni-possibili-dopo-lintervento\/\",\"name\":\"I rischi e le complicazioni possibili dopo l\u2019intervento della protesi dell\u2019anca\",\"isPartOf\":{\"@id\":\"https:\/\/prothese-hanche-nice.fr\/#website\"},\"primaryImageOfPage\":{\"@id\":\"https:\/\/prothese-hanche-nice.fr\/it\/i-rischi-e-complicazioni-possibili-dopo-lintervento\/#primaryimage\"},\"image\":{\"@id\":\"https:\/\/prothese-hanche-nice.fr\/it\/i-rischi-e-complicazioni-possibili-dopo-lintervento\/#primaryimage\"},\"thumbnailUrl\":\"https:\/\/prothese-hanche-nice.fr\/wp-content\/uploads\/2017\/05\/chirurgie-hanche-risques-200x300.jpg\",\"datePublished\":\"2017-08-30T09:41:57+00:00\",\"dateModified\":\"2017-08-30T09:41:57+00:00\",\"description\":\"I rischi e le complicazioni possibili dopo l\u2019intervento della protesi dell\u2019anca - Dottore Ga\u00ebl Poir\u00e9e Chirurgo ortopedico \u2013 Nizza Francia\",\"breadcrumb\":{\"@id\":\"https:\/\/prothese-hanche-nice.fr\/it\/i-rischi-e-complicazioni-possibili-dopo-lintervento\/#breadcrumb\"},\"inLanguage\":\"it-IT\",\"potentialAction\":[{\"@type\":\"ReadAction\",\"target\":[\"https:\/\/prothese-hanche-nice.fr\/it\/i-rischi-e-complicazioni-possibili-dopo-lintervento\/\"]}]},{\"@type\":\"ImageObject\",\"inLanguage\":\"it-IT\",\"@id\":\"https:\/\/prothese-hanche-nice.fr\/it\/i-rischi-e-complicazioni-possibili-dopo-lintervento\/#primaryimage\",\"url\":\"https:\/\/prothese-hanche-nice.fr\/wp-content\/uploads\/2017\/05\/chirurgie-hanche-risques-200x300.jpg\",\"contentUrl\":\"https:\/\/prothese-hanche-nice.fr\/wp-content\/uploads\/2017\/05\/chirurgie-hanche-risques-200x300.jpg\"},{\"@type\":\"BreadcrumbList\",\"@id\":\"https:\/\/prothese-hanche-nice.fr\/it\/i-rischi-e-complicazioni-possibili-dopo-lintervento\/#breadcrumb\",\"itemListElement\":[{\"@type\":\"ListItem\",\"position\":1,\"name\":\"Accueil\",\"item\":\"https:\/\/prothese-hanche-nice.fr\/it\/\"},{\"@type\":\"ListItem\",\"position\":2,\"name\":\"I rischi e le complicazioni possibili dopo l\u2019intervento\"}]},{\"@type\":\"WebSite\",\"@id\":\"https:\/\/prothese-hanche-nice.fr\/#website\",\"url\":\"https:\/\/prothese-hanche-nice.fr\/\",\"name\":\"La proth\u00e8se de hanche - Chirurgie de La Hanche Nice\",\"description\":\"Chirurgie de la hanche Docteur Ga\u00ebl Poir\u00e9e sp\u00e9cialiste de La proth\u00e8se de hanche\",\"potentialAction\":[{\"@type\":\"SearchAction\",\"target\":{\"@type\":\"EntryPoint\",\"urlTemplate\":\"https:\/\/prothese-hanche-nice.fr\/?s={search_term_string}\"},\"query-input\":{\"@type\":\"PropertyValueSpecification\",\"valueRequired\":true,\"valueName\":\"search_term_string\"}}],\"inLanguage\":\"it-IT\"}]}<\/script>\n<!-- \/ Yoast SEO plugin. -->","yoast_head_json":{"title":"I rischi e le complicazioni possibili dopo l\u2019intervento della protesi dell\u2019anca","description":"I rischi e le complicazioni possibili dopo l\u2019intervento della protesi dell\u2019anca - Dottore Ga\u00ebl Poir\u00e9e Chirurgo ortopedico \u2013 Nizza Francia","robots":{"index":"index","follow":"follow","max-snippet":"max-snippet:-1","max-image-preview":"max-image-preview:large","max-video-preview":"max-video-preview:-1"},"canonical":"https:\/\/prothese-hanche-nice.fr\/it\/i-rischi-e-complicazioni-possibili-dopo-lintervento\/","og_locale":"it_IT","og_type":"article","og_title":"I rischi e le complicazioni possibili dopo l\u2019intervento della protesi dell\u2019anca","og_description":"I rischi e le complicazioni possibili dopo l\u2019intervento della protesi dell\u2019anca - Dottore Ga\u00ebl Poir\u00e9e Chirurgo ortopedico \u2013 Nizza Francia","og_url":"https:\/\/prothese-hanche-nice.fr\/it\/i-rischi-e-complicazioni-possibili-dopo-lintervento\/","og_site_name":"La proth\u00e8se de hanche - Chirurgie de La Hanche Nice","og_image":[{"url":"https:\/\/prothese-hanche-nice.fr\/wp-content\/uploads\/2017\/05\/chirurgie-hanche-risques-200x300.jpg","type":"","width":"","height":""}],"twitter_card":"summary_large_image","twitter_misc":{"Tempo di lettura stimato":"1 minuto"},"schema":{"@context":"https:\/\/schema.org","@graph":[{"@type":"WebPage","@id":"https:\/\/prothese-hanche-nice.fr\/it\/i-rischi-e-complicazioni-possibili-dopo-lintervento\/","url":"https:\/\/prothese-hanche-nice.fr\/it\/i-rischi-e-complicazioni-possibili-dopo-lintervento\/","name":"I rischi e le complicazioni possibili dopo l\u2019intervento della protesi dell\u2019anca","isPartOf":{"@id":"https:\/\/prothese-hanche-nice.fr\/#website"},"primaryImageOfPage":{"@id":"https:\/\/prothese-hanche-nice.fr\/it\/i-rischi-e-complicazioni-possibili-dopo-lintervento\/#primaryimage"},"image":{"@id":"https:\/\/prothese-hanche-nice.fr\/it\/i-rischi-e-complicazioni-possibili-dopo-lintervento\/#primaryimage"},"thumbnailUrl":"https:\/\/prothese-hanche-nice.fr\/wp-content\/uploads\/2017\/05\/chirurgie-hanche-risques-200x300.jpg","datePublished":"2017-08-30T09:41:57+00:00","dateModified":"2017-08-30T09:41:57+00:00","description":"I rischi e le complicazioni possibili dopo l\u2019intervento della protesi dell\u2019anca - Dottore Ga\u00ebl Poir\u00e9e Chirurgo ortopedico \u2013 Nizza Francia","breadcrumb":{"@id":"https:\/\/prothese-hanche-nice.fr\/it\/i-rischi-e-complicazioni-possibili-dopo-lintervento\/#breadcrumb"},"inLanguage":"it-IT","potentialAction":[{"@type":"ReadAction","target":["https:\/\/prothese-hanche-nice.fr\/it\/i-rischi-e-complicazioni-possibili-dopo-lintervento\/"]}]},{"@type":"ImageObject","inLanguage":"it-IT","@id":"https:\/\/prothese-hanche-nice.fr\/it\/i-rischi-e-complicazioni-possibili-dopo-lintervento\/#primaryimage","url":"https:\/\/prothese-hanche-nice.fr\/wp-content\/uploads\/2017\/05\/chirurgie-hanche-risques-200x300.jpg","contentUrl":"https:\/\/prothese-hanche-nice.fr\/wp-content\/uploads\/2017\/05\/chirurgie-hanche-risques-200x300.jpg"},{"@type":"BreadcrumbList","@id":"https:\/\/prothese-hanche-nice.fr\/it\/i-rischi-e-complicazioni-possibili-dopo-lintervento\/#breadcrumb","itemListElement":[{"@type":"ListItem","position":1,"name":"Accueil","item":"https:\/\/prothese-hanche-nice.fr\/it\/"},{"@type":"ListItem","position":2,"name":"I rischi e le complicazioni possibili dopo l\u2019intervento"}]},{"@type":"WebSite","@id":"https:\/\/prothese-hanche-nice.fr\/#website","url":"https:\/\/prothese-hanche-nice.fr\/","name":"La proth\u00e8se de hanche - Chirurgie de La Hanche Nice","description":"Chirurgie de la hanche Docteur Ga\u00ebl Poir\u00e9e sp\u00e9cialiste de La proth\u00e8se de hanche","potentialAction":[{"@type":"SearchAction","target":{"@type":"EntryPoint","urlTemplate":"https:\/\/prothese-hanche-nice.fr\/?s={search_term_string}"},"query-input":{"@type":"PropertyValueSpecification","valueRequired":true,"valueName":"search_term_string"}}],"inLanguage":"it-IT"}]}},"_links":{"self":[{"href":"https:\/\/prothese-hanche-nice.fr\/it\/wp-json\/wp\/v2\/pages\/4038","targetHints":{"allow":["GET"]}}],"collection":[{"href":"https:\/\/prothese-hanche-nice.fr\/it\/wp-json\/wp\/v2\/pages"}],"about":[{"href":"https:\/\/prothese-hanche-nice.fr\/it\/wp-json\/wp\/v2\/types\/page"}],"author":[{"embeddable":true,"href":"https:\/\/prothese-hanche-nice.fr\/it\/wp-json\/wp\/v2\/users\/1"}],"replies":[{"embeddable":true,"href":"https:\/\/prothese-hanche-nice.fr\/it\/wp-json\/wp\/v2\/comments?post=4038"}],"version-history":[{"count":1,"href":"https:\/\/prothese-hanche-nice.fr\/it\/wp-json\/wp\/v2\/pages\/4038\/revisions"}],"predecessor-version":[{"id":4039,"href":"https:\/\/prothese-hanche-nice.fr\/it\/wp-json\/wp\/v2\/pages\/4038\/revisions\/4039"}],"wp:attachment":[{"href":"https:\/\/prothese-hanche-nice.fr\/it\/wp-json\/wp\/v2\/media?parent=4038"}],"curies":[{"name":"wp","href":"https:\/\/api.w.org\/{rel}","templated":true}]}}