{"id":4041,"date":"2017-08-30T11:47:36","date_gmt":"2017-08-30T09:47:36","guid":{"rendered":"https:\/\/prothese-hanche-nice.fr\/?page_id=4041\/"},"modified":"2017-08-30T11:47:36","modified_gmt":"2017-08-30T09:47:36","slug":"dottor-gael-poiree","status":"publish","type":"page","link":"https:\/\/prothese-hanche-nice.fr\/it\/dottor-gael-poiree\/","title":{"rendered":"Dottor Ga\u00ebl Poir\u00e9e"},"content":{"rendered":"<section class=\"wpb-content-wrapper\"><p>[vc_row][vc_column]<header class=\"kwayy-heading-wrapper kwayy-heading-wrapper-align-center\"><div class=\"kwayy-heading-wrapper-inner\"><h2 class=\"kwayy-heading-align-center\"><span>Docteur Ga\u00ebl Poir\u00e9e<\/span><\/h2><\/div><p class=\"kwayy-subheading\">Chirurgien orthop\u00e9dique<\/p><\/header>[vc_column_text]<\/p>\n<ul class=\"list-cursus\">\n<li><img decoding=\"async\" class=\"alignright size-medium wp-image-4008\" src=\"https:\/\/prothese-hanche-nice.fr\/wp-content\/uploads\/2017\/05\/docteur-gael-poiree-2-226x300.png\" alt=\"Docteur Gael Poir\u00e9e chirurgien orthop\u00e9dique \u00e0 Nice\" width=\"226\" height=\"300\" srcset=\"https:\/\/prothese-hanche-nice.fr\/wp-content\/uploads\/2017\/05\/docteur-gael-poiree-2-226x300.png 226w, https:\/\/prothese-hanche-nice.fr\/wp-content\/uploads\/2017\/05\/docteur-gael-poiree-2.png 372w\" sizes=\"(max-width: 226px) 100vw, 226px\" \/>Membro della Societ\u00e0 Francese di chirurgia ortopedica e traumatologica<\/li>\n<li>Ex interno in chirurgia degli ospedali di Montpellier<\/li>\n<li>Ex capo clinica di Universit\u00e0\/assistente degli ospedali in neurochirurgia<\/li>\n<li>Ex capo clinica di Universit\u00e0\/assistente degli ospedali in chirurgia ortopedica<\/li>\n<li>DES (Diploma di studi specializzati) di chirurgia ortopedica e traumatologica, Master di anatomia<\/li>\n<li>Diploma di anatomia chirurgica e sezionata<\/li>\n<li>Diploma universitario di artroscopia<\/li>\n<li>Diploma universiario di patologia chirurgicale della mano<\/li>\n<li>Chirurgia della spalla<\/li>\n<li>Chirurgia protetica dell\u2019anca e del ginocchio<\/li>\n<li>Chirurgia della colonna vertebrale assistita con computer<\/li>\n<\/ul>\n<p>[\/vc_column_text][\/vc_column][\/vc_row][vc_row][vc_column][vc_column_text]<\/p>\n<h2><strong>Studio Matisse<\/strong><\/h2>\n<p>18 Av Reine Victoria &#8211;\u00a006000 Nizza Francia<\/p>\n<p><strong>T\u00e9l. :<\/strong> + 33 (0)4 92 26 71 73 &#8211;\u00a0FAX : + 33 (0)4 93 04 46 45<br \/>\n<strong>Mail :<\/strong> <a href=\"mailto:contact@docteurpoiree.com\">contact@docteurpoiree.com<\/a><\/p>\n<p><strong>Site<\/strong> : <a href=\"http:\/\/docteurpoiree.com\/\" target=\"blank\">docteurpoiree.com<\/a>[\/vc_column_text][\/vc_column][\/vc_row]<\/p>\n<\/section>","protected":false},"excerpt":{"rendered":"<p>[vc_row][vc_column][vc_column_text] Membro della Societ\u00e0 Francese di chirurgia ortopedica e traumatologica Ex interno in chirurgia degli ospedali di Montpellier Ex capo clinica di Universit\u00e0\/assistente degli ospedali in neurochirurgia Ex capo clinica di Universit\u00e0\/assistente degli ospedali in chirurgia ortopedica DES (Diploma di studi specializzati) di chirurgia ortopedica e traumatologica, Master di anatomia Diploma di anatomia chirurgica e [&hellip;]<\/p>\n","protected":false},"author":1,"featured_media":0,"parent":0,"menu_order":0,"comment_status":"closed","ping_status":"closed","template":"","meta":{"footnotes":""},"class_list":["post-4041","page","type-page","status-publish","hentry"],"yoast_head":"<!-- This site is optimized with the Yoast SEO plugin v24.3 - https:\/\/yoast.com\/wordpress\/plugins\/seo\/ -->\n<title>Dottor Ga\u00ebl POIREE - Chirurgo ortopedico Pprotesi dell\u2019anca<\/title>\n<meta name=\"description\" content=\"Dottor Ga\u00ebl POIREE - Chirurgo ortopedico specializzato sulla protesi dell\u2019anca \u2013 Nizza Francia\" \/>\n<meta name=\"robots\" content=\"index, follow, max-snippet:-1, max-image-preview:large, max-video-preview:-1\" \/>\n<link rel=\"canonical\" href=\"https:\/\/prothese-hanche-nice.fr\/it\/dottor-gael-poiree\/\" \/>\n<meta property=\"og:locale\" content=\"it_IT\" \/>\n<meta property=\"og:type\" content=\"article\" \/>\n<meta property=\"og:title\" content=\"Dottor Ga\u00ebl POIREE - Chirurgo ortopedico Pprotesi dell\u2019anca\" \/>\n<meta property=\"og:description\" content=\"Dottor Ga\u00ebl POIREE - Chirurgo ortopedico specializzato sulla protesi dell\u2019anca \u2013 Nizza Francia\" \/>\n<meta property=\"og:url\" content=\"https:\/\/prothese-hanche-nice.fr\/it\/dottor-gael-poiree\/\" \/>\n<meta property=\"og:site_name\" content=\"La proth\u00e8se de hanche - Chirurgie de La Hanche Nice\" \/>\n<meta property=\"og:image\" content=\"https:\/\/prothese-hanche-nice.fr\/wp-content\/uploads\/2017\/05\/docteur-gael-poiree-2-226x300.png\" \/>\n<meta name=\"twitter:card\" content=\"summary_large_image\" \/>\n<meta name=\"twitter:label1\" content=\"Tempo di lettura stimato\" \/>\n\t<meta name=\"twitter:data1\" content=\"1 minuto\" \/>\n<script type=\"application\/ld+json\" class=\"yoast-schema-graph\">{\"@context\":\"https:\/\/schema.org\",\"@graph\":[{\"@type\":\"WebPage\",\"@id\":\"https:\/\/prothese-hanche-nice.fr\/it\/dottor-gael-poiree\/\",\"url\":\"https:\/\/prothese-hanche-nice.fr\/it\/dottor-gael-poiree\/\",\"name\":\"Dottor Ga\u00ebl POIREE - Chirurgo ortopedico Pprotesi dell\u2019anca\",\"isPartOf\":{\"@id\":\"https:\/\/prothese-hanche-nice.fr\/#website\"},\"primaryImageOfPage\":{\"@id\":\"https:\/\/prothese-hanche-nice.fr\/it\/dottor-gael-poiree\/#primaryimage\"},\"image\":{\"@id\":\"https:\/\/prothese-hanche-nice.fr\/it\/dottor-gael-poiree\/#primaryimage\"},\"thumbnailUrl\":\"https:\/\/prothese-hanche-nice.fr\/wp-content\/uploads\/2017\/05\/docteur-gael-poiree-2-226x300.png\",\"datePublished\":\"2017-08-30T09:47:36+00:00\",\"dateModified\":\"2017-08-30T09:47:36+00:00\",\"description\":\"Dottor Ga\u00ebl POIREE - Chirurgo ortopedico specializzato sulla protesi dell\u2019anca \u2013 Nizza Francia\",\"breadcrumb\":{\"@id\":\"https:\/\/prothese-hanche-nice.fr\/it\/dottor-gael-poiree\/#breadcrumb\"},\"inLanguage\":\"it-IT\",\"potentialAction\":[{\"@type\":\"ReadAction\",\"target\":[\"https:\/\/prothese-hanche-nice.fr\/it\/dottor-gael-poiree\/\"]}]},{\"@type\":\"ImageObject\",\"inLanguage\":\"it-IT\",\"@id\":\"https:\/\/prothese-hanche-nice.fr\/it\/dottor-gael-poiree\/#primaryimage\",\"url\":\"https:\/\/prothese-hanche-nice.fr\/wp-content\/uploads\/2017\/05\/docteur-gael-poiree-2-226x300.png\",\"contentUrl\":\"https:\/\/prothese-hanche-nice.fr\/wp-content\/uploads\/2017\/05\/docteur-gael-poiree-2-226x300.png\"},{\"@type\":\"BreadcrumbList\",\"@id\":\"https:\/\/prothese-hanche-nice.fr\/it\/dottor-gael-poiree\/#breadcrumb\",\"itemListElement\":[{\"@type\":\"ListItem\",\"position\":1,\"name\":\"Accueil\",\"item\":\"https:\/\/prothese-hanche-nice.fr\/it\/\"},{\"@type\":\"ListItem\",\"position\":2,\"name\":\"Dottor Ga\u00ebl Poir\u00e9e\"}]},{\"@type\":\"WebSite\",\"@id\":\"https:\/\/prothese-hanche-nice.fr\/#website\",\"url\":\"https:\/\/prothese-hanche-nice.fr\/\",\"name\":\"La proth\u00e8se de hanche - Chirurgie de La Hanche Nice\",\"description\":\"Chirurgie de la hanche Docteur Ga\u00ebl Poir\u00e9e sp\u00e9cialiste de La proth\u00e8se de hanche\",\"potentialAction\":[{\"@type\":\"SearchAction\",\"target\":{\"@type\":\"EntryPoint\",\"urlTemplate\":\"https:\/\/prothese-hanche-nice.fr\/?s={search_term_string}\"},\"query-input\":{\"@type\":\"PropertyValueSpecification\",\"valueRequired\":true,\"valueName\":\"search_term_string\"}}],\"inLanguage\":\"it-IT\"}]}<\/script>\n<!-- \/ Yoast SEO plugin. -->","yoast_head_json":{"title":"Dottor Ga\u00ebl POIREE - Chirurgo ortopedico Pprotesi dell\u2019anca","description":"Dottor Ga\u00ebl POIREE - Chirurgo ortopedico specializzato sulla protesi dell\u2019anca \u2013 Nizza Francia","robots":{"index":"index","follow":"follow","max-snippet":"max-snippet:-1","max-image-preview":"max-image-preview:large","max-video-preview":"max-video-preview:-1"},"canonical":"https:\/\/prothese-hanche-nice.fr\/it\/dottor-gael-poiree\/","og_locale":"it_IT","og_type":"article","og_title":"Dottor Ga\u00ebl POIREE - Chirurgo ortopedico Pprotesi dell\u2019anca","og_description":"Dottor Ga\u00ebl POIREE - Chirurgo ortopedico specializzato sulla protesi dell\u2019anca \u2013 Nizza Francia","og_url":"https:\/\/prothese-hanche-nice.fr\/it\/dottor-gael-poiree\/","og_site_name":"La proth\u00e8se de hanche - Chirurgie de La Hanche Nice","og_image":[{"url":"https:\/\/prothese-hanche-nice.fr\/wp-content\/uploads\/2017\/05\/docteur-gael-poiree-2-226x300.png","type":"","width":"","height":""}],"twitter_card":"summary_large_image","twitter_misc":{"Tempo di lettura stimato":"1 minuto"},"schema":{"@context":"https:\/\/schema.org","@graph":[{"@type":"WebPage","@id":"https:\/\/prothese-hanche-nice.fr\/it\/dottor-gael-poiree\/","url":"https:\/\/prothese-hanche-nice.fr\/it\/dottor-gael-poiree\/","name":"Dottor Ga\u00ebl POIREE - Chirurgo ortopedico Pprotesi dell\u2019anca","isPartOf":{"@id":"https:\/\/prothese-hanche-nice.fr\/#website"},"primaryImageOfPage":{"@id":"https:\/\/prothese-hanche-nice.fr\/it\/dottor-gael-poiree\/#primaryimage"},"image":{"@id":"https:\/\/prothese-hanche-nice.fr\/it\/dottor-gael-poiree\/#primaryimage"},"thumbnailUrl":"https:\/\/prothese-hanche-nice.fr\/wp-content\/uploads\/2017\/05\/docteur-gael-poiree-2-226x300.png","datePublished":"2017-08-30T09:47:36+00:00","dateModified":"2017-08-30T09:47:36+00:00","description":"Dottor Ga\u00ebl POIREE - Chirurgo ortopedico specializzato sulla protesi dell\u2019anca \u2013 Nizza Francia","breadcrumb":{"@id":"https:\/\/prothese-hanche-nice.fr\/it\/dottor-gael-poiree\/#breadcrumb"},"inLanguage":"it-IT","potentialAction":[{"@type":"ReadAction","target":["https:\/\/prothese-hanche-nice.fr\/it\/dottor-gael-poiree\/"]}]},{"@type":"ImageObject","inLanguage":"it-IT","@id":"https:\/\/prothese-hanche-nice.fr\/it\/dottor-gael-poiree\/#primaryimage","url":"https:\/\/prothese-hanche-nice.fr\/wp-content\/uploads\/2017\/05\/docteur-gael-poiree-2-226x300.png","contentUrl":"https:\/\/prothese-hanche-nice.fr\/wp-content\/uploads\/2017\/05\/docteur-gael-poiree-2-226x300.png"},{"@type":"BreadcrumbList","@id":"https:\/\/prothese-hanche-nice.fr\/it\/dottor-gael-poiree\/#breadcrumb","itemListElement":[{"@type":"ListItem","position":1,"name":"Accueil","item":"https:\/\/prothese-hanche-nice.fr\/it\/"},{"@type":"ListItem","position":2,"name":"Dottor Ga\u00ebl Poir\u00e9e"}]},{"@type":"WebSite","@id":"https:\/\/prothese-hanche-nice.fr\/#website","url":"https:\/\/prothese-hanche-nice.fr\/","name":"La proth\u00e8se de hanche - Chirurgie de La Hanche Nice","description":"Chirurgie de la hanche Docteur Ga\u00ebl Poir\u00e9e sp\u00e9cialiste de La proth\u00e8se de hanche","potentialAction":[{"@type":"SearchAction","target":{"@type":"EntryPoint","urlTemplate":"https:\/\/prothese-hanche-nice.fr\/?s={search_term_string}"},"query-input":{"@type":"PropertyValueSpecification","valueRequired":true,"valueName":"search_term_string"}}],"inLanguage":"it-IT"}]}},"_links":{"self":[{"href":"https:\/\/prothese-hanche-nice.fr\/it\/wp-json\/wp\/v2\/pages\/4041","targetHints":{"allow":["GET"]}}],"collection":[{"href":"https:\/\/prothese-hanche-nice.fr\/it\/wp-json\/wp\/v2\/pages"}],"about":[{"href":"https:\/\/prothese-hanche-nice.fr\/it\/wp-json\/wp\/v2\/types\/page"}],"author":[{"embeddable":true,"href":"https:\/\/prothese-hanche-nice.fr\/it\/wp-json\/wp\/v2\/users\/1"}],"replies":[{"embeddable":true,"href":"https:\/\/prothese-hanche-nice.fr\/it\/wp-json\/wp\/v2\/comments?post=4041"}],"version-history":[{"count":1,"href":"https:\/\/prothese-hanche-nice.fr\/it\/wp-json\/wp\/v2\/pages\/4041\/revisions"}],"predecessor-version":[{"id":4042,"href":"https:\/\/prothese-hanche-nice.fr\/it\/wp-json\/wp\/v2\/pages\/4041\/revisions\/4042"}],"wp:attachment":[{"href":"https:\/\/prothese-hanche-nice.fr\/it\/wp-json\/wp\/v2\/media?parent=4041"}],"curies":[{"name":"wp","href":"https:\/\/api.w.org\/{rel}","templated":true}]}}