{"id":4059,"date":"2017-08-30T12:03:22","date_gmt":"2017-08-30T10:03:22","guid":{"rendered":"https:\/\/prothese-hanche-nice.fr\/?page_id=4059\/"},"modified":"2017-08-30T12:05:16","modified_gmt":"2017-08-30T10:05:16","slug":"contatto-dottore-gael-poiree","status":"publish","type":"page","link":"https:\/\/prothese-hanche-nice.fr\/it\/contatto-dottore-gael-poiree\/","title":{"rendered":"Contatto Dottore Ga\u00ebl Poir\u00e9e"},"content":{"rendered":"<section class=\"wpb-content-wrapper\"><p>[vc_row bgprecolor=&#8221;skin&#8221;][vc_column width=&#8221;1\/3&#8243;][vc_single_image image=&#8221;3857&#8243; img_size=&#8221;full&#8221;]<ul class=\"kwayy_vc_contact_wrapper\"><li class=\"kwayy-contact-phonenumber kwicon-fa-phone\">+33 (0) 4 92 26 71 73<\/li><li class=\"kwayy-contact-email kwicon-fa-envelope-o\"><a href=\"mailto:contact@docteurpoiree.com\">contact@docteurpoiree.com<\/a><\/li><li class=\"kwayy-contact-website kwicon-fa-globe\"><a href=\"http:\/\/www.docteurpoiree.com\">http:\/\/www.docteurpoiree.com<\/a><\/li><li class=\"kwayy-contact-address  kwicon-fa-map-marker\">18 avenue Reine Victoria<br \/>\n06000 Nice<\/li><\/ul>[vc_single_image image=&#8221;3932&#8243; img_size=&#8221;full&#8221;][vc_separator style=&#8221;dotted&#8221; border_width=&#8221;2&#8243; el_width=&#8221;60&#8243;][vc_column_text]<\/p>\n<p style=\"text-align: center;\"><a href=\"http:\/\/www.cabinetmatisse.com\" target=\"_blank\" rel=\"noopener noreferrer\"><strong>Studio Matisse<\/strong><\/a> :\u00a0<a href=\"http:\/\/www.cabinetmatisse.com\" target=\"_blank\" rel=\"noopener noreferrer\">http:\/\/www.cabinetmatisse.com\u00a0<\/a><\/p>\n<p>[\/vc_column_text][vc_separator style=&#8221;dotted&#8221; border_width=&#8221;2&#8243; el_width=&#8221;60&#8243;]\n<div class=\"wpcf7 no-js\" id=\"wpcf7-f4020-o1\" lang=\"fr-FR\" dir=\"ltr\" data-wpcf7-id=\"4020\">\n<div class=\"screen-reader-response\"><p role=\"status\" aria-live=\"polite\" aria-atomic=\"true\"><\/p> <ul><\/ul><\/div>\n<form action=\"\/it\/wp-json\/wp\/v2\/pages\/4059#wpcf7-f4020-o1\" method=\"post\" class=\"wpcf7-form init\" aria-label=\"Formulaire de contact\" novalidate=\"novalidate\" data-status=\"init\">\n<fieldset class=\"hidden-fields-container\"><input type=\"hidden\" name=\"_wpcf7\" value=\"4020\" \/><input type=\"hidden\" name=\"_wpcf7_version\" value=\"6.1.5\" \/><input type=\"hidden\" name=\"_wpcf7_locale\" value=\"fr_FR\" \/><input type=\"hidden\" name=\"_wpcf7_unit_tag\" value=\"wpcf7-f4020-o1\" \/><input type=\"hidden\" name=\"_wpcf7_container_post\" value=\"0\" \/><input type=\"hidden\" name=\"_wpcf7_posted_data_hash\" value=\"\" \/><input type=\"hidden\" name=\"_wpcf7_recaptcha_response\" value=\"\" \/>\n<\/fieldset>\n<p><label>Nome (obbligatorio)<br \/>\n<span class=\"wpcf7-form-control-wrap\" data-name=\"your-name\"><input size=\"40\" maxlength=\"400\" class=\"wpcf7-form-control wpcf7-text wpcf7-validates-as-required\" aria-required=\"true\" aria-invalid=\"false\" value=\"\" type=\"text\" name=\"your-name\" \/><\/span> <\/label>\n<\/p>\n<p><label> Mail (obbligatorio)<br \/>\n<span class=\"wpcf7-form-control-wrap\" data-name=\"your-email\"><input size=\"40\" maxlength=\"400\" class=\"wpcf7-form-control wpcf7-email wpcf7-validates-as-required wpcf7-text wpcf7-validates-as-email\" aria-required=\"true\" aria-invalid=\"false\" value=\"\" type=\"email\" name=\"your-email\" \/><\/span> <\/label>\n<\/p>\n<p><label> Messaggio<br \/>\n<span class=\"wpcf7-form-control-wrap\" data-name=\"your-message\"><textarea cols=\"40\" rows=\"10\" maxlength=\"2000\" class=\"wpcf7-form-control wpcf7-textarea\" aria-invalid=\"false\" name=\"your-message\"><\/textarea><\/span> <\/label>\n<\/p>\n<p><input class=\"wpcf7-form-control wpcf7-submit has-spinner\" type=\"submit\" value=\"Inviare\" \/>\n<\/p><div class=\"wpcf7-response-output\" aria-hidden=\"true\"><\/div>\n<\/form>\n<\/div>\n[\/vc_column][vc_column width=&#8221;2\/3&#8243;]<header class=\"kwayy-heading-wrapper kwayy-heading-wrapper-align-center\"><div class=\"kwayy-heading-wrapper-inner\"><h2 class=\"kwayy-heading-align-center\"><span>Protesi dell\u2019anca<\/span><\/h2><\/div><p class=\"kwayy-subheading\">Dottor Ga\u00ebl POIREE<\/p><\/header>[vc_column_text]<\/p>\n<p style=\"text-align: justify;\">Le Docteur Ga\u00ebl Poir\u00e9e sp\u00e9cialiste en <strong>chirurgie orthop\u00e9dique<\/strong> est membre de la <a href=\"http:\/\/www.sofcot.fr\" target=\"_blank\" rel=\"noopener noreferrer\"><em>Soci\u00e9t\u00e9 Fran\u00e7aise de chirurgie orthop\u00e9dique et traumatologique<\/em><\/a>.<\/p>\n<h4>Vous pouvez prendre rendez-vous avec le Docteur Ga\u00ebl Poir\u00e9e\u00a0:<\/h4>\n<ul>\n<li style=\"text-align: justify;\">\n<h4>soit par t\u00e9l\u00e9phone au\u00a0:\u00a0+33 (0) 4 92 26 71 73<\/h4>\n<\/li>\n<li style=\"text-align: justify;\">\n<h4>soit en prenant rendez-vous via le\u00a0formulaire de contact<\/h4>\n<\/li>\n<\/ul>\n<p>[\/vc_column_text][vc_separator style=&#8221;dotted&#8221; border_width=&#8221;2&#8243; el_width=&#8221;60&#8243;][vc_gmaps link=&#8221;#E-8_JTNDaWZyYW1lJTIwc3JjJTNEJTIyaHR0cHMlM0ElMkYlMkZ3d3cuZ29vZ2xlLmNvbSUyRm1hcHMlMkZlbWJlZCUzRnBiJTNEJTIxMW0xOCUyMTFtMTIlMjExbTMlMjExZDI4ODMuNDMxMjQ3NDk2NTIyMiUyMTJkNy4yNzAzMjAxNTE1NTUzMTIlMjEzZDQzLjcyMjM2NzQ1NTg2OTkyJTIxMm0zJTIxMWYwJTIxMmYwJTIxM2YwJTIxM20yJTIxMWkxMDI0JTIxMmk3NjglMjE0ZjEzLjElMjEzbTMlMjExbTIlMjExczB4MTJjZGM1NWE3MTU5OTZjZCUyNTNBMHhiY2MxYTcwZWQ0NGJmN2YlMjEyczE4JTJCQXZlbnVlJTJCUmVpbmUlMkJWaWN0b3JpYSUyNTJDJTJCMDYwMDAlMkJOaWNlJTIxNWUwJTIxM20yJTIxMXNmciUyMTJzZnIlMjE0djE0OTQwNzkxMDU2NjUlMjIlMjB3aWR0aCUzRCUyMjYwMCUyMiUyMGhlaWdodCUzRCUyMjQ1MCUyMiUyMGZyYW1lYm9yZGVyJTNEJTIyMCUyMiUyMHN0eWxlJTNEJTIyYm9yZGVyJTNBMCUyMiUyMGFsbG93ZnVsbHNjcmVlbiUzRSUzQyUyRmlmcmFtZSUzRQ==&#8221; size=&#8221;450&#8243;][\/vc_column][\/vc_row]<\/p>\n<\/section>","protected":false},"excerpt":{"rendered":"<p>[vc_row bgprecolor=&#8221;skin&#8221;][vc_column width=&#8221;1\/3&#8243;][vc_single_image image=&#8221;3857&#8243; img_size=&#8221;full&#8221;][vc_single_image image=&#8221;3932&#8243; img_size=&#8221;full&#8221;][vc_separator style=&#8221;dotted&#8221; border_width=&#8221;2&#8243; el_width=&#8221;60&#8243;][vc_column_text] Studio Matisse :\u00a0http:\/\/www.cabinetmatisse.com\u00a0 [\/vc_column_text][vc_separator style=&#8221;dotted&#8221; border_width=&#8221;2&#8243; el_width=&#8221;60&#8243;][\/vc_column][vc_column width=&#8221;2\/3&#8243;][vc_column_text] Le Docteur Ga\u00ebl Poir\u00e9e sp\u00e9cialiste en chirurgie orthop\u00e9dique est membre de la Soci\u00e9t\u00e9 Fran\u00e7aise de chirurgie orthop\u00e9dique et traumatologique. Vous pouvez prendre rendez-vous avec le Docteur Ga\u00ebl Poir\u00e9e\u00a0: soit par t\u00e9l\u00e9phone au\u00a0:\u00a0+33 (0) 4 92 26 71 [&hellip;]<\/p>\n","protected":false},"author":1,"featured_media":0,"parent":0,"menu_order":0,"comment_status":"closed","ping_status":"closed","template":"","meta":{"footnotes":""},"class_list":["post-4059","page","type-page","status-publish","hentry"],"yoast_head":"<!-- This site is optimized with the Yoast SEO plugin v24.3 - https:\/\/yoast.com\/wordpress\/plugins\/seo\/ -->\n<title>Contatto Dottore Ga\u00ebl Poir\u00e9e - La proth\u00e8se de hanche - Chirurgie de La Hanche Nice<\/title>\n<meta name=\"robots\" content=\"index, follow, max-snippet:-1, max-image-preview:large, max-video-preview:-1\" \/>\n<link rel=\"canonical\" href=\"https:\/\/prothese-hanche-nice.fr\/it\/contatto-dottore-gael-poiree\/\" \/>\n<meta property=\"og:locale\" content=\"it_IT\" \/>\n<meta property=\"og:type\" content=\"article\" \/>\n<meta property=\"og:title\" content=\"Contatto Dottore Ga\u00ebl Poir\u00e9e - La proth\u00e8se de hanche - Chirurgie de La Hanche Nice\" \/>\n<meta property=\"og:description\" content=\"[vc_row bgprecolor=&#8221;skin&#8221;][vc_column width=&#8221;1\/3&#8243;][vc_single_image image=&#8221;3857&#8243; img_size=&#8221;full&#8221;][vc_single_image image=&#8221;3932&#8243; img_size=&#8221;full&#8221;][vc_separator style=&#8221;dotted&#8221; border_width=&#8221;2&#8243; el_width=&#8221;60&#8243;][vc_column_text] Studio Matisse :\u00a0http:\/\/www.cabinetmatisse.com\u00a0 [\/vc_column_text][vc_separator style=&#8221;dotted&#8221; border_width=&#8221;2&#8243; el_width=&#8221;60&#8243;][\/vc_column][vc_column width=&#8221;2\/3&#8243;][vc_column_text] Le Docteur Ga\u00ebl Poir\u00e9e sp\u00e9cialiste en chirurgie orthop\u00e9dique est membre de la Soci\u00e9t\u00e9 Fran\u00e7aise de chirurgie orthop\u00e9dique et traumatologique. Vous pouvez prendre rendez-vous avec le Docteur Ga\u00ebl Poir\u00e9e\u00a0: soit par t\u00e9l\u00e9phone au\u00a0:\u00a0+33 (0) 4 92 26 71 [&hellip;]\" \/>\n<meta property=\"og:url\" content=\"https:\/\/prothese-hanche-nice.fr\/it\/contatto-dottore-gael-poiree\/\" \/>\n<meta property=\"og:site_name\" content=\"La proth\u00e8se de hanche - Chirurgie de La Hanche Nice\" \/>\n<meta property=\"article:modified_time\" content=\"2017-08-30T10:05:16+00:00\" \/>\n<meta name=\"twitter:card\" content=\"summary_large_image\" \/>\n<meta name=\"twitter:label1\" content=\"Tempo di lettura stimato\" \/>\n\t<meta name=\"twitter:data1\" content=\"1 minuto\" \/>\n<script type=\"application\/ld+json\" class=\"yoast-schema-graph\">{\"@context\":\"https:\/\/schema.org\",\"@graph\":[{\"@type\":\"WebPage\",\"@id\":\"https:\/\/prothese-hanche-nice.fr\/it\/contatto-dottore-gael-poiree\/\",\"url\":\"https:\/\/prothese-hanche-nice.fr\/it\/contatto-dottore-gael-poiree\/\",\"name\":\"Contatto Dottore Ga\u00ebl Poir\u00e9e - La proth\u00e8se de hanche - Chirurgie de La Hanche Nice\",\"isPartOf\":{\"@id\":\"https:\/\/prothese-hanche-nice.fr\/#website\"},\"datePublished\":\"2017-08-30T10:03:22+00:00\",\"dateModified\":\"2017-08-30T10:05:16+00:00\",\"breadcrumb\":{\"@id\":\"https:\/\/prothese-hanche-nice.fr\/it\/contatto-dottore-gael-poiree\/#breadcrumb\"},\"inLanguage\":\"it-IT\",\"potentialAction\":[{\"@type\":\"ReadAction\",\"target\":[\"https:\/\/prothese-hanche-nice.fr\/it\/contatto-dottore-gael-poiree\/\"]}]},{\"@type\":\"BreadcrumbList\",\"@id\":\"https:\/\/prothese-hanche-nice.fr\/it\/contatto-dottore-gael-poiree\/#breadcrumb\",\"itemListElement\":[{\"@type\":\"ListItem\",\"position\":1,\"name\":\"Accueil\",\"item\":\"https:\/\/prothese-hanche-nice.fr\/it\/\"},{\"@type\":\"ListItem\",\"position\":2,\"name\":\"Contatto Dottore Ga\u00ebl Poir\u00e9e\"}]},{\"@type\":\"WebSite\",\"@id\":\"https:\/\/prothese-hanche-nice.fr\/#website\",\"url\":\"https:\/\/prothese-hanche-nice.fr\/\",\"name\":\"La proth\u00e8se de hanche - Chirurgie de La Hanche Nice\",\"description\":\"Chirurgie de la hanche Docteur Ga\u00ebl Poir\u00e9e sp\u00e9cialiste de La proth\u00e8se de hanche\",\"potentialAction\":[{\"@type\":\"SearchAction\",\"target\":{\"@type\":\"EntryPoint\",\"urlTemplate\":\"https:\/\/prothese-hanche-nice.fr\/?s={search_term_string}\"},\"query-input\":{\"@type\":\"PropertyValueSpecification\",\"valueRequired\":true,\"valueName\":\"search_term_string\"}}],\"inLanguage\":\"it-IT\"}]}<\/script>\n<!-- \/ Yoast SEO plugin. -->","yoast_head_json":{"title":"Contatto Dottore Ga\u00ebl Poir\u00e9e - La proth\u00e8se de hanche - Chirurgie de La Hanche Nice","robots":{"index":"index","follow":"follow","max-snippet":"max-snippet:-1","max-image-preview":"max-image-preview:large","max-video-preview":"max-video-preview:-1"},"canonical":"https:\/\/prothese-hanche-nice.fr\/it\/contatto-dottore-gael-poiree\/","og_locale":"it_IT","og_type":"article","og_title":"Contatto Dottore Ga\u00ebl Poir\u00e9e - La proth\u00e8se de hanche - Chirurgie de La Hanche Nice","og_description":"[vc_row bgprecolor=&#8221;skin&#8221;][vc_column width=&#8221;1\/3&#8243;][vc_single_image image=&#8221;3857&#8243; img_size=&#8221;full&#8221;][vc_single_image image=&#8221;3932&#8243; img_size=&#8221;full&#8221;][vc_separator style=&#8221;dotted&#8221; border_width=&#8221;2&#8243; el_width=&#8221;60&#8243;][vc_column_text] Studio Matisse :\u00a0http:\/\/www.cabinetmatisse.com\u00a0 [\/vc_column_text][vc_separator style=&#8221;dotted&#8221; border_width=&#8221;2&#8243; el_width=&#8221;60&#8243;][\/vc_column][vc_column width=&#8221;2\/3&#8243;][vc_column_text] Le Docteur Ga\u00ebl Poir\u00e9e sp\u00e9cialiste en chirurgie orthop\u00e9dique est membre de la Soci\u00e9t\u00e9 Fran\u00e7aise de chirurgie orthop\u00e9dique et traumatologique. Vous pouvez prendre rendez-vous avec le Docteur Ga\u00ebl Poir\u00e9e\u00a0: soit par t\u00e9l\u00e9phone au\u00a0:\u00a0+33 (0) 4 92 26 71 [&hellip;]","og_url":"https:\/\/prothese-hanche-nice.fr\/it\/contatto-dottore-gael-poiree\/","og_site_name":"La proth\u00e8se de hanche - Chirurgie de La Hanche Nice","article_modified_time":"2017-08-30T10:05:16+00:00","twitter_card":"summary_large_image","twitter_misc":{"Tempo di lettura stimato":"1 minuto"},"schema":{"@context":"https:\/\/schema.org","@graph":[{"@type":"WebPage","@id":"https:\/\/prothese-hanche-nice.fr\/it\/contatto-dottore-gael-poiree\/","url":"https:\/\/prothese-hanche-nice.fr\/it\/contatto-dottore-gael-poiree\/","name":"Contatto Dottore Ga\u00ebl Poir\u00e9e - La proth\u00e8se de hanche - Chirurgie de La Hanche Nice","isPartOf":{"@id":"https:\/\/prothese-hanche-nice.fr\/#website"},"datePublished":"2017-08-30T10:03:22+00:00","dateModified":"2017-08-30T10:05:16+00:00","breadcrumb":{"@id":"https:\/\/prothese-hanche-nice.fr\/it\/contatto-dottore-gael-poiree\/#breadcrumb"},"inLanguage":"it-IT","potentialAction":[{"@type":"ReadAction","target":["https:\/\/prothese-hanche-nice.fr\/it\/contatto-dottore-gael-poiree\/"]}]},{"@type":"BreadcrumbList","@id":"https:\/\/prothese-hanche-nice.fr\/it\/contatto-dottore-gael-poiree\/#breadcrumb","itemListElement":[{"@type":"ListItem","position":1,"name":"Accueil","item":"https:\/\/prothese-hanche-nice.fr\/it\/"},{"@type":"ListItem","position":2,"name":"Contatto Dottore Ga\u00ebl Poir\u00e9e"}]},{"@type":"WebSite","@id":"https:\/\/prothese-hanche-nice.fr\/#website","url":"https:\/\/prothese-hanche-nice.fr\/","name":"La proth\u00e8se de hanche - Chirurgie de La Hanche Nice","description":"Chirurgie de la hanche Docteur Ga\u00ebl Poir\u00e9e sp\u00e9cialiste de La proth\u00e8se de hanche","potentialAction":[{"@type":"SearchAction","target":{"@type":"EntryPoint","urlTemplate":"https:\/\/prothese-hanche-nice.fr\/?s={search_term_string}"},"query-input":{"@type":"PropertyValueSpecification","valueRequired":true,"valueName":"search_term_string"}}],"inLanguage":"it-IT"}]}},"_links":{"self":[{"href":"https:\/\/prothese-hanche-nice.fr\/it\/wp-json\/wp\/v2\/pages\/4059","targetHints":{"allow":["GET"]}}],"collection":[{"href":"https:\/\/prothese-hanche-nice.fr\/it\/wp-json\/wp\/v2\/pages"}],"about":[{"href":"https:\/\/prothese-hanche-nice.fr\/it\/wp-json\/wp\/v2\/types\/page"}],"author":[{"embeddable":true,"href":"https:\/\/prothese-hanche-nice.fr\/it\/wp-json\/wp\/v2\/users\/1"}],"replies":[{"embeddable":true,"href":"https:\/\/prothese-hanche-nice.fr\/it\/wp-json\/wp\/v2\/comments?post=4059"}],"version-history":[{"count":2,"href":"https:\/\/prothese-hanche-nice.fr\/it\/wp-json\/wp\/v2\/pages\/4059\/revisions"}],"predecessor-version":[{"id":4061,"href":"https:\/\/prothese-hanche-nice.fr\/it\/wp-json\/wp\/v2\/pages\/4059\/revisions\/4061"}],"wp:attachment":[{"href":"https:\/\/prothese-hanche-nice.fr\/it\/wp-json\/wp\/v2\/media?parent=4059"}],"curies":[{"name":"wp","href":"https:\/\/api.w.org\/{rel}","templated":true}]}}